{"id":909,"date":"2018-04-11T12:04:48","date_gmt":"2018-04-11T11:04:48","guid":{"rendered":"https:\/\/www.kanarchoad.com\/?post_type=product&#038;p=909"},"modified":"2026-05-06T09:58:58","modified_gmt":"2026-05-06T08:58:58","slug":"didgeridoo-bambou-gamme-puissance","status":"publish","type":"product","link":"https:\/\/www.kanarchoad.com\/fr\/produit\/didgeridoo-bambou-gamme-puissance\/","title":{"rendered":"Didgeridoo Bambou | Gamme Puissance"},"content":{"rendered":"<p>Votre didgeridoo sera exp\u00e9di\u00e9 par transporteur \u00e0 r\u00e9ception du paiement.<br \/>\nVous recevrez par mail ou SMS le num\u00e9ro de suivi le jour de l\u2019exp\u00e9dition.<br \/>\nComptez 2 \u00e0 3 jours pour l\u2019acheminement.<\/p>\n","protected":false},"excerpt":{"rendered":"<div class=\"x-text\">\n<h3>Gamme Puissance \u2013 Facile \u00e0 jouer, rondeur de son, et puissance<\/h3>\n<p class=\"p1\"><span class=\"s1\">Ces didgeridoos sont fabriqu\u00e9s dans le bas des cannes de bambou. Les parois sont plus \u00e9paisses offrant un son plus riche. De plus un pavillon en bois est ajout\u00e9 en bas du didgeridoo. V\u00e9ritable caisse de r\u00e9sonance, la puissance sonore est d\u00e9cupl\u00e9e sans perdre la rondeur et l\u2019\u00e9quilibre naturel de votre son.<br \/>\n<\/span><\/p>\n<p><strong>R\u00c9SONANT<\/strong>\u00a0 avec une colonne d&rsquo;air cylindrique offrant un son riche en harmonique.<\/p>\n<p><strong>EXTRA<\/strong> : diametre de colonne d&rsquo;air sup\u00e9rieure aux \u00ab\u00a0R\u00c9SONANT\u00a0\u00bb et pavillon en bois plus grand.<\/p>\n<p><strong>MASSAGE<\/strong> : Diametre de colonne d&rsquo;air l\u00e9g\u00e8rement plus petit, pavillon plus petit.<br \/>\nLe poids est optimis\u00e9 pour la pratique du massage sonore au didgeridoo.<\/p>\n<\/div>\n","protected":false},"featured_media":12413,"template":"","meta":{"_et_pb_use_builder":"","_et_pb_old_content":"","_et_gb_content_width":"","_monsterinsights_skip_tracking":false,"_monsterinsights_sitenote_active":false,"_monsterinsights_sitenote_note":"","_monsterinsights_sitenote_category":0},"product_brand":[],"product_cat":[72],"product_tag":[],"class_list":{"0":"post-909","1":"product","2":"type-product","3":"status-publish","4":"has-post-thumbnail","6":"product_cat-bambou","7":"product_shipping_class-livraison-bambou-puissance","9":"first","10":"instock","11":"shipping-taxable","12":"purchasable","13":"product-type-variable"},"yoast_head":"<!-- This site is optimized with the Yoast SEO plugin v27.3 - https:\/\/yoast.com\/product\/yoast-seo-wordpress\/ -->\n<title>Didgeridoo Bambou | Gamme Puissance - KAN AR C&#039;HOAD<\/title>\n<meta name=\"description\" content=\"Didgeridoo artisanal en bambou haut de gamme. Excelent instrument de progression\" \/>\n<meta name=\"robots\" content=\"index, follow, max-snippet:-1, max-image-preview:large, max-video-preview:-1\" \/>\n<link rel=\"canonical\" href=\"https:\/\/www.kanarchoad.com\/fr\/produit\/didgeridoo-bambou-gamme-puissance\/\" \/>\n<meta property=\"og:locale\" content=\"fr_FR\" \/>\n<meta property=\"og:type\" content=\"article\" \/>\n<meta property=\"og:title\" content=\"Didgeridoo Bambou | Gamme Puissance - KAN AR C&#039;HOAD\" \/>\n<meta property=\"og:description\" content=\"Didgeridoo artisanal en bambou haut de gamme. Excelent instrument de progression\" \/>\n<meta property=\"og:url\" content=\"https:\/\/www.kanarchoad.com\/fr\/produit\/didgeridoo-bambou-gamme-puissance\/\" \/>\n<meta property=\"og:site_name\" content=\"KAN AR C&#039;HOAD\" \/>\n<meta property=\"article:publisher\" content=\"https:\/\/www.facebook.com\/Kan-ar-choad-199432683959952\/\" \/>\n<meta property=\"article:modified_time\" content=\"2026-05-06T08:58:58+00:00\" \/>\n<meta property=\"og:image\" content=\"https:\/\/www.kanarchoad.com\/wp-content\/uploads\/2018\/04\/DYNAMIQUERESONANT.png\" \/>\n\t<meta property=\"og:image:width\" content=\"400\" \/>\n\t<meta property=\"og:image:height\" content=\"600\" \/>\n\t<meta property=\"og:image:type\" content=\"image\/png\" \/>\n<meta name=\"twitter:card\" content=\"summary_large_image\" \/>\n<meta name=\"twitter:label1\" content=\"Dur\u00e9e de lecture estim\u00e9e\" \/>\n\t<meta name=\"twitter:data1\" content=\"1 minute\" \/>\n<script type=\"application\/ld+json\" class=\"yoast-schema-graph\">{\"@context\":\"https:\\\/\\\/schema.org\",\"@graph\":[{\"@type\":\"WebPage\",\"@id\":\"https:\\\/\\\/www.kanarchoad.com\\\/fr\\\/produit\\\/didgeridoo-bambou-gamme-puissance\\\/\",\"url\":\"https:\\\/\\\/www.kanarchoad.com\\\/fr\\\/produit\\\/didgeridoo-bambou-gamme-puissance\\\/\",\"name\":\"Didgeridoo Bambou | Gamme Puissance - KAN AR C&#039;HOAD\",\"isPartOf\":{\"@id\":\"https:\\\/\\\/www.kanarchoad.com\\\/fr\\\/#website\"},\"primaryImageOfPage\":{\"@id\":\"https:\\\/\\\/www.kanarchoad.com\\\/fr\\\/produit\\\/didgeridoo-bambou-gamme-puissance\\\/#primaryimage\"},\"image\":{\"@id\":\"https:\\\/\\\/www.kanarchoad.com\\\/fr\\\/produit\\\/didgeridoo-bambou-gamme-puissance\\\/#primaryimage\"},\"thumbnailUrl\":\"https:\\\/\\\/www.kanarchoad.com\\\/wp-content\\\/uploads\\\/2018\\\/04\\\/DYNAMIQUERESONANT.png\",\"datePublished\":\"2018-04-11T11:04:48+00:00\",\"dateModified\":\"2026-05-06T08:58:58+00:00\",\"description\":\"Didgeridoo artisanal en bambou haut de gamme. Excelent instrument de progression\",\"breadcrumb\":{\"@id\":\"https:\\\/\\\/www.kanarchoad.com\\\/fr\\\/produit\\\/didgeridoo-bambou-gamme-puissance\\\/#breadcrumb\"},\"inLanguage\":\"fr-FR\",\"potentialAction\":[{\"@type\":\"ReadAction\",\"target\":[\"https:\\\/\\\/www.kanarchoad.com\\\/fr\\\/produit\\\/didgeridoo-bambou-gamme-puissance\\\/\"]}]},{\"@type\":\"ImageObject\",\"inLanguage\":\"fr-FR\",\"@id\":\"https:\\\/\\\/www.kanarchoad.com\\\/fr\\\/produit\\\/didgeridoo-bambou-gamme-puissance\\\/#primaryimage\",\"url\":\"https:\\\/\\\/www.kanarchoad.com\\\/wp-content\\\/uploads\\\/2018\\\/04\\\/DYNAMIQUERESONANT.png\",\"contentUrl\":\"https:\\\/\\\/www.kanarchoad.com\\\/wp-content\\\/uploads\\\/2018\\\/04\\\/DYNAMIQUERESONANT.png\",\"width\":400,\"height\":600},{\"@type\":\"BreadcrumbList\",\"@id\":\"https:\\\/\\\/www.kanarchoad.com\\\/fr\\\/produit\\\/didgeridoo-bambou-gamme-puissance\\\/#breadcrumb\",\"itemListElement\":[{\"@type\":\"ListItem\",\"position\":1,\"name\":\"Accueil\",\"item\":\"https:\\\/\\\/www.kanarchoad.com\\\/fr\\\/\"},{\"@type\":\"ListItem\",\"position\":2,\"name\":\"Boutique\",\"item\":\"https:\\\/\\\/www.kanarchoad.com\\\/fr\\\/boutique\\\/\"},{\"@type\":\"ListItem\",\"position\":3,\"name\":\"Didgeridoo Bambou | Gamme Puissance\"}]},{\"@type\":\"WebSite\",\"@id\":\"https:\\\/\\\/www.kanarchoad.com\\\/fr\\\/#website\",\"url\":\"https:\\\/\\\/www.kanarchoad.com\\\/fr\\\/\",\"name\":\"KAN AR C&#039;HOAD\",\"description\":\"Facteur de Didgeridoo\",\"potentialAction\":[{\"@type\":\"SearchAction\",\"target\":{\"@type\":\"EntryPoint\",\"urlTemplate\":\"https:\\\/\\\/www.kanarchoad.com\\\/fr\\\/?s={search_term_string}\"},\"query-input\":{\"@type\":\"PropertyValueSpecification\",\"valueRequired\":true,\"valueName\":\"search_term_string\"}}],\"inLanguage\":\"fr-FR\"}]}<\/script>\n<!-- \/ Yoast SEO plugin. -->","yoast_head_json":{"title":"Didgeridoo Bambou | Gamme Puissance - KAN AR C&#039;HOAD","description":"Didgeridoo artisanal en bambou haut de gamme. Excelent instrument de progression","robots":{"index":"index","follow":"follow","max-snippet":"max-snippet:-1","max-image-preview":"max-image-preview:large","max-video-preview":"max-video-preview:-1"},"canonical":"https:\/\/www.kanarchoad.com\/fr\/produit\/didgeridoo-bambou-gamme-puissance\/","og_locale":"fr_FR","og_type":"article","og_title":"Didgeridoo Bambou | Gamme Puissance - KAN AR C&#039;HOAD","og_description":"Didgeridoo artisanal en bambou haut de gamme. Excelent instrument de progression","og_url":"https:\/\/www.kanarchoad.com\/fr\/produit\/didgeridoo-bambou-gamme-puissance\/","og_site_name":"KAN AR C&#039;HOAD","article_publisher":"https:\/\/www.facebook.com\/Kan-ar-choad-199432683959952\/","article_modified_time":"2026-05-06T08:58:58+00:00","og_image":[{"width":400,"height":600,"url":"https:\/\/www.kanarchoad.com\/wp-content\/uploads\/2018\/04\/DYNAMIQUERESONANT.png","type":"image\/png"}],"twitter_card":"summary_large_image","twitter_misc":{"Dur\u00e9e de lecture estim\u00e9e":"1 minute"},"schema":{"@context":"https:\/\/schema.org","@graph":[{"@type":"WebPage","@id":"https:\/\/www.kanarchoad.com\/fr\/produit\/didgeridoo-bambou-gamme-puissance\/","url":"https:\/\/www.kanarchoad.com\/fr\/produit\/didgeridoo-bambou-gamme-puissance\/","name":"Didgeridoo Bambou | Gamme Puissance - KAN AR C&#039;HOAD","isPartOf":{"@id":"https:\/\/www.kanarchoad.com\/fr\/#website"},"primaryImageOfPage":{"@id":"https:\/\/www.kanarchoad.com\/fr\/produit\/didgeridoo-bambou-gamme-puissance\/#primaryimage"},"image":{"@id":"https:\/\/www.kanarchoad.com\/fr\/produit\/didgeridoo-bambou-gamme-puissance\/#primaryimage"},"thumbnailUrl":"https:\/\/www.kanarchoad.com\/wp-content\/uploads\/2018\/04\/DYNAMIQUERESONANT.png","datePublished":"2018-04-11T11:04:48+00:00","dateModified":"2026-05-06T08:58:58+00:00","description":"Didgeridoo artisanal en bambou haut de gamme. Excelent instrument de progression","breadcrumb":{"@id":"https:\/\/www.kanarchoad.com\/fr\/produit\/didgeridoo-bambou-gamme-puissance\/#breadcrumb"},"inLanguage":"fr-FR","potentialAction":[{"@type":"ReadAction","target":["https:\/\/www.kanarchoad.com\/fr\/produit\/didgeridoo-bambou-gamme-puissance\/"]}]},{"@type":"ImageObject","inLanguage":"fr-FR","@id":"https:\/\/www.kanarchoad.com\/fr\/produit\/didgeridoo-bambou-gamme-puissance\/#primaryimage","url":"https:\/\/www.kanarchoad.com\/wp-content\/uploads\/2018\/04\/DYNAMIQUERESONANT.png","contentUrl":"https:\/\/www.kanarchoad.com\/wp-content\/uploads\/2018\/04\/DYNAMIQUERESONANT.png","width":400,"height":600},{"@type":"BreadcrumbList","@id":"https:\/\/www.kanarchoad.com\/fr\/produit\/didgeridoo-bambou-gamme-puissance\/#breadcrumb","itemListElement":[{"@type":"ListItem","position":1,"name":"Accueil","item":"https:\/\/www.kanarchoad.com\/fr\/"},{"@type":"ListItem","position":2,"name":"Boutique","item":"https:\/\/www.kanarchoad.com\/fr\/boutique\/"},{"@type":"ListItem","position":3,"name":"Didgeridoo Bambou | Gamme Puissance"}]},{"@type":"WebSite","@id":"https:\/\/www.kanarchoad.com\/fr\/#website","url":"https:\/\/www.kanarchoad.com\/fr\/","name":"KAN AR C&#039;HOAD","description":"Facteur de Didgeridoo","potentialAction":[{"@type":"SearchAction","target":{"@type":"EntryPoint","urlTemplate":"https:\/\/www.kanarchoad.com\/fr\/?s={search_term_string}"},"query-input":{"@type":"PropertyValueSpecification","valueRequired":true,"valueName":"search_term_string"}}],"inLanguage":"fr-FR"}]}},"_links":{"self":[{"href":"https:\/\/www.kanarchoad.com\/fr\/wp-json\/wp\/v2\/product\/909","targetHints":{"allow":["GET"]}}],"collection":[{"href":"https:\/\/www.kanarchoad.com\/fr\/wp-json\/wp\/v2\/product"}],"about":[{"href":"https:\/\/www.kanarchoad.com\/fr\/wp-json\/wp\/v2\/types\/product"}],"wp:featuredmedia":[{"embeddable":true,"href":"https:\/\/www.kanarchoad.com\/fr\/wp-json\/wp\/v2\/media\/12413"}],"wp:attachment":[{"href":"https:\/\/www.kanarchoad.com\/fr\/wp-json\/wp\/v2\/media?parent=909"}],"wp:term":[{"taxonomy":"product_brand","embeddable":true,"href":"https:\/\/www.kanarchoad.com\/fr\/wp-json\/wp\/v2\/product_brand?post=909"},{"taxonomy":"product_cat","embeddable":true,"href":"https:\/\/www.kanarchoad.com\/fr\/wp-json\/wp\/v2\/product_cat?post=909"},{"taxonomy":"product_tag","embeddable":true,"href":"https:\/\/www.kanarchoad.com\/fr\/wp-json\/wp\/v2\/product_tag?post=909"}],"curies":[{"name":"wp","href":"https:\/\/api.w.org\/{rel}","templated":true}]}}