{"id":904,"date":"2018-04-11T12:02:56","date_gmt":"2018-04-11T11:02:56","guid":{"rendered":"https:\/\/www.kanarchoad.com\/?post_type=product&#038;p=904"},"modified":"2026-04-14T11:45:07","modified_gmt":"2026-04-14T10:45:07","slug":"didgeridoo-bambou-gamme-resonance","status":"publish","type":"product","link":"https:\/\/www.kanarchoad.com\/fr\/produit\/didgeridoo-bambou-gamme-resonance\/","title":{"rendered":"Didgeridoo Bambou | Gamme R\u00e9sonance"},"content":{"rendered":"<p>Votre didgeridoo sera exp\u00e9di\u00e9 par colissimo \u00e0 r\u00e9ception du paiement.<br \/>\nVous recevrez par mail ou SMS le num\u00e9ro de suivi colissimo le jour de l\u2019exp\u00e9dition.<br \/>\nComptez 2 \u00e0 3 jours pour l\u2019acheminement.<\/p>\n","protected":false},"excerpt":{"rendered":"<div class=\"x-text\">\n<h3>Gamme R\u00e9sonance \u2013 Facile \u00e0 jouer et rondeur de son<\/h3>\n<p>Ces bambous reprennent les m\u00eames qualit\u00e9s que la gamme pr\u00e9c\u00e9dente : un son riche et \u00e9quilibr\u00e9 avec une grande facilit\u00e9 de jeu. Cependant, la grande diff\u00e9rence r\u00e9side dans leur diam\u00e8tre. Ces bambous sont plus large (environ 50 mm) et r\u00e9sonnent beaucoup plus. Les didgeridoos de cette gamme sont donc garantis avec un son rond, chaleureux tout en pr\u00e9servant leur jouablit\u00e9.<\/p>\n<\/div>\n","protected":false},"featured_media":12407,"template":"","meta":{"_et_pb_use_builder":"","_et_pb_old_content":"","_et_gb_content_width":"","_monsterinsights_skip_tracking":false,"_monsterinsights_sitenote_active":false,"_monsterinsights_sitenote_note":"","_monsterinsights_sitenote_category":0},"product_brand":[],"product_cat":[72],"product_tag":[],"class_list":{"0":"post-904","1":"product","2":"type-product","3":"status-publish","4":"has-post-thumbnail","6":"product_cat-bambou","7":"product_shipping_class-livraison-bambou-standard-et-resonance","9":"first","10":"instock","11":"shipping-taxable","12":"purchasable","13":"product-type-variable"},"yoast_head":"<!-- This site is optimized with the Yoast SEO plugin v27.3 - https:\/\/yoast.com\/product\/yoast-seo-wordpress\/ -->\n<title>Didgeridoo Bambou | Gamme R\u00e9sonance - KAN AR C&#039;HOAD<\/title>\n<meta name=\"description\" content=\"Didgeridoo artisanal en bambou, parfait pour commencer. Exc\u00e9lente r\u00e9sonance\" \/>\n<meta name=\"robots\" content=\"index, follow, max-snippet:-1, max-image-preview:large, max-video-preview:-1\" \/>\n<link rel=\"canonical\" href=\"https:\/\/www.kanarchoad.com\/fr\/produit\/didgeridoo-bambou-gamme-resonance\/\" \/>\n<meta property=\"og:locale\" content=\"fr_FR\" \/>\n<meta property=\"og:type\" content=\"article\" \/>\n<meta property=\"og:title\" content=\"Didgeridoo Bambou | Gamme R\u00e9sonance - KAN AR C&#039;HOAD\" \/>\n<meta property=\"og:description\" content=\"Didgeridoo artisanal en bambou, parfait pour commencer. Exc\u00e9lente r\u00e9sonance\" \/>\n<meta property=\"og:url\" content=\"https:\/\/www.kanarchoad.com\/fr\/produit\/didgeridoo-bambou-gamme-resonance\/\" \/>\n<meta property=\"og:site_name\" content=\"KAN AR C&#039;HOAD\" \/>\n<meta property=\"article:publisher\" content=\"https:\/\/www.facebook.com\/Kan-ar-choad-199432683959952\/\" \/>\n<meta property=\"article:modified_time\" content=\"2026-04-14T10:45:07+00:00\" \/>\n<meta property=\"og:image\" content=\"https:\/\/www.kanarchoad.com\/wp-content\/uploads\/2018\/04\/RESONANCE.png\" \/>\n\t<meta property=\"og:image:width\" content=\"400\" \/>\n\t<meta property=\"og:image:height\" content=\"600\" \/>\n\t<meta property=\"og:image:type\" content=\"image\/png\" \/>\n<meta name=\"twitter:card\" content=\"summary_large_image\" \/>\n<meta name=\"twitter:label1\" content=\"Dur\u00e9e de lecture estim\u00e9e\" \/>\n\t<meta name=\"twitter:data1\" content=\"1 minute\" \/>\n<script type=\"application\/ld+json\" class=\"yoast-schema-graph\">{\"@context\":\"https:\\\/\\\/schema.org\",\"@graph\":[{\"@type\":\"WebPage\",\"@id\":\"https:\\\/\\\/www.kanarchoad.com\\\/fr\\\/produit\\\/didgeridoo-bambou-gamme-resonance\\\/\",\"url\":\"https:\\\/\\\/www.kanarchoad.com\\\/fr\\\/produit\\\/didgeridoo-bambou-gamme-resonance\\\/\",\"name\":\"Didgeridoo Bambou | Gamme R\u00e9sonance - KAN AR C&#039;HOAD\",\"isPartOf\":{\"@id\":\"https:\\\/\\\/www.kanarchoad.com\\\/fr\\\/#website\"},\"primaryImageOfPage\":{\"@id\":\"https:\\\/\\\/www.kanarchoad.com\\\/fr\\\/produit\\\/didgeridoo-bambou-gamme-resonance\\\/#primaryimage\"},\"image\":{\"@id\":\"https:\\\/\\\/www.kanarchoad.com\\\/fr\\\/produit\\\/didgeridoo-bambou-gamme-resonance\\\/#primaryimage\"},\"thumbnailUrl\":\"https:\\\/\\\/www.kanarchoad.com\\\/wp-content\\\/uploads\\\/2018\\\/04\\\/RESONANCE.png\",\"datePublished\":\"2018-04-11T11:02:56+00:00\",\"dateModified\":\"2026-04-14T10:45:07+00:00\",\"description\":\"Didgeridoo artisanal en bambou, parfait pour commencer. Exc\u00e9lente r\u00e9sonance\",\"breadcrumb\":{\"@id\":\"https:\\\/\\\/www.kanarchoad.com\\\/fr\\\/produit\\\/didgeridoo-bambou-gamme-resonance\\\/#breadcrumb\"},\"inLanguage\":\"fr-FR\",\"potentialAction\":[{\"@type\":\"ReadAction\",\"target\":[\"https:\\\/\\\/www.kanarchoad.com\\\/fr\\\/produit\\\/didgeridoo-bambou-gamme-resonance\\\/\"]}]},{\"@type\":\"ImageObject\",\"inLanguage\":\"fr-FR\",\"@id\":\"https:\\\/\\\/www.kanarchoad.com\\\/fr\\\/produit\\\/didgeridoo-bambou-gamme-resonance\\\/#primaryimage\",\"url\":\"https:\\\/\\\/www.kanarchoad.com\\\/wp-content\\\/uploads\\\/2018\\\/04\\\/RESONANCE.png\",\"contentUrl\":\"https:\\\/\\\/www.kanarchoad.com\\\/wp-content\\\/uploads\\\/2018\\\/04\\\/RESONANCE.png\",\"width\":400,\"height\":600},{\"@type\":\"BreadcrumbList\",\"@id\":\"https:\\\/\\\/www.kanarchoad.com\\\/fr\\\/produit\\\/didgeridoo-bambou-gamme-resonance\\\/#breadcrumb\",\"itemListElement\":[{\"@type\":\"ListItem\",\"position\":1,\"name\":\"Accueil\",\"item\":\"https:\\\/\\\/www.kanarchoad.com\\\/fr\\\/\"},{\"@type\":\"ListItem\",\"position\":2,\"name\":\"Boutique\",\"item\":\"https:\\\/\\\/www.kanarchoad.com\\\/fr\\\/boutique\\\/\"},{\"@type\":\"ListItem\",\"position\":3,\"name\":\"Didgeridoo Bambou | Gamme R\u00e9sonance\"}]},{\"@type\":\"WebSite\",\"@id\":\"https:\\\/\\\/www.kanarchoad.com\\\/fr\\\/#website\",\"url\":\"https:\\\/\\\/www.kanarchoad.com\\\/fr\\\/\",\"name\":\"KAN AR C&#039;HOAD\",\"description\":\"Facteur de Didgeridoo\",\"potentialAction\":[{\"@type\":\"SearchAction\",\"target\":{\"@type\":\"EntryPoint\",\"urlTemplate\":\"https:\\\/\\\/www.kanarchoad.com\\\/fr\\\/?s={search_term_string}\"},\"query-input\":{\"@type\":\"PropertyValueSpecification\",\"valueRequired\":true,\"valueName\":\"search_term_string\"}}],\"inLanguage\":\"fr-FR\"}]}<\/script>\n<!-- \/ Yoast SEO plugin. -->","yoast_head_json":{"title":"Didgeridoo Bambou | Gamme R\u00e9sonance - KAN AR C&#039;HOAD","description":"Didgeridoo artisanal en bambou, parfait pour commencer. Exc\u00e9lente r\u00e9sonance","robots":{"index":"index","follow":"follow","max-snippet":"max-snippet:-1","max-image-preview":"max-image-preview:large","max-video-preview":"max-video-preview:-1"},"canonical":"https:\/\/www.kanarchoad.com\/fr\/produit\/didgeridoo-bambou-gamme-resonance\/","og_locale":"fr_FR","og_type":"article","og_title":"Didgeridoo Bambou | Gamme R\u00e9sonance - KAN AR C&#039;HOAD","og_description":"Didgeridoo artisanal en bambou, parfait pour commencer. Exc\u00e9lente r\u00e9sonance","og_url":"https:\/\/www.kanarchoad.com\/fr\/produit\/didgeridoo-bambou-gamme-resonance\/","og_site_name":"KAN AR C&#039;HOAD","article_publisher":"https:\/\/www.facebook.com\/Kan-ar-choad-199432683959952\/","article_modified_time":"2026-04-14T10:45:07+00:00","og_image":[{"width":400,"height":600,"url":"https:\/\/www.kanarchoad.com\/wp-content\/uploads\/2018\/04\/RESONANCE.png","type":"image\/png"}],"twitter_card":"summary_large_image","twitter_misc":{"Dur\u00e9e de lecture estim\u00e9e":"1 minute"},"schema":{"@context":"https:\/\/schema.org","@graph":[{"@type":"WebPage","@id":"https:\/\/www.kanarchoad.com\/fr\/produit\/didgeridoo-bambou-gamme-resonance\/","url":"https:\/\/www.kanarchoad.com\/fr\/produit\/didgeridoo-bambou-gamme-resonance\/","name":"Didgeridoo Bambou | Gamme R\u00e9sonance - KAN AR C&#039;HOAD","isPartOf":{"@id":"https:\/\/www.kanarchoad.com\/fr\/#website"},"primaryImageOfPage":{"@id":"https:\/\/www.kanarchoad.com\/fr\/produit\/didgeridoo-bambou-gamme-resonance\/#primaryimage"},"image":{"@id":"https:\/\/www.kanarchoad.com\/fr\/produit\/didgeridoo-bambou-gamme-resonance\/#primaryimage"},"thumbnailUrl":"https:\/\/www.kanarchoad.com\/wp-content\/uploads\/2018\/04\/RESONANCE.png","datePublished":"2018-04-11T11:02:56+00:00","dateModified":"2026-04-14T10:45:07+00:00","description":"Didgeridoo artisanal en bambou, parfait pour commencer. Exc\u00e9lente r\u00e9sonance","breadcrumb":{"@id":"https:\/\/www.kanarchoad.com\/fr\/produit\/didgeridoo-bambou-gamme-resonance\/#breadcrumb"},"inLanguage":"fr-FR","potentialAction":[{"@type":"ReadAction","target":["https:\/\/www.kanarchoad.com\/fr\/produit\/didgeridoo-bambou-gamme-resonance\/"]}]},{"@type":"ImageObject","inLanguage":"fr-FR","@id":"https:\/\/www.kanarchoad.com\/fr\/produit\/didgeridoo-bambou-gamme-resonance\/#primaryimage","url":"https:\/\/www.kanarchoad.com\/wp-content\/uploads\/2018\/04\/RESONANCE.png","contentUrl":"https:\/\/www.kanarchoad.com\/wp-content\/uploads\/2018\/04\/RESONANCE.png","width":400,"height":600},{"@type":"BreadcrumbList","@id":"https:\/\/www.kanarchoad.com\/fr\/produit\/didgeridoo-bambou-gamme-resonance\/#breadcrumb","itemListElement":[{"@type":"ListItem","position":1,"name":"Accueil","item":"https:\/\/www.kanarchoad.com\/fr\/"},{"@type":"ListItem","position":2,"name":"Boutique","item":"https:\/\/www.kanarchoad.com\/fr\/boutique\/"},{"@type":"ListItem","position":3,"name":"Didgeridoo Bambou | Gamme R\u00e9sonance"}]},{"@type":"WebSite","@id":"https:\/\/www.kanarchoad.com\/fr\/#website","url":"https:\/\/www.kanarchoad.com\/fr\/","name":"KAN AR C&#039;HOAD","description":"Facteur de Didgeridoo","potentialAction":[{"@type":"SearchAction","target":{"@type":"EntryPoint","urlTemplate":"https:\/\/www.kanarchoad.com\/fr\/?s={search_term_string}"},"query-input":{"@type":"PropertyValueSpecification","valueRequired":true,"valueName":"search_term_string"}}],"inLanguage":"fr-FR"}]}},"_links":{"self":[{"href":"https:\/\/www.kanarchoad.com\/fr\/wp-json\/wp\/v2\/product\/904","targetHints":{"allow":["GET"]}}],"collection":[{"href":"https:\/\/www.kanarchoad.com\/fr\/wp-json\/wp\/v2\/product"}],"about":[{"href":"https:\/\/www.kanarchoad.com\/fr\/wp-json\/wp\/v2\/types\/product"}],"wp:featuredmedia":[{"embeddable":true,"href":"https:\/\/www.kanarchoad.com\/fr\/wp-json\/wp\/v2\/media\/12407"}],"wp:attachment":[{"href":"https:\/\/www.kanarchoad.com\/fr\/wp-json\/wp\/v2\/media?parent=904"}],"wp:term":[{"taxonomy":"product_brand","embeddable":true,"href":"https:\/\/www.kanarchoad.com\/fr\/wp-json\/wp\/v2\/product_brand?post=904"},{"taxonomy":"product_cat","embeddable":true,"href":"https:\/\/www.kanarchoad.com\/fr\/wp-json\/wp\/v2\/product_cat?post=904"},{"taxonomy":"product_tag","embeddable":true,"href":"https:\/\/www.kanarchoad.com\/fr\/wp-json\/wp\/v2\/product_tag?post=904"}],"curies":[{"name":"wp","href":"https:\/\/api.w.org\/{rel}","templated":true}]}}