{"id":885,"date":"2018-04-11T11:11:45","date_gmt":"2018-04-11T10:11:45","guid":{"rendered":"https:\/\/www.kanarchoad.com\/?post_type=product&#038;p=885"},"modified":"2026-04-23T09:38:42","modified_gmt":"2026-04-23T08:38:42","slug":"didgeridoo-bambou-gamme-essentiel","status":"publish","type":"product","link":"https:\/\/www.kanarchoad.com\/fr\/produit\/didgeridoo-bambou-gamme-essentiel\/","title":{"rendered":"Didgeridoo Bambou | Gamme Essentiel"},"content":{"rendered":"<p>Votre didgeridoo sera exp\u00e9di\u00e9 par colissimo \u00e0 r\u00e9ception du paiement.<br \/>\nVous recevrez par mail ou SMS le num\u00e9ro de suivi colissimo le jour de l\u2019exp\u00e9dition.<br \/>\nComptez 2 \u00e0 3 jours pour l\u2019acheminement.<\/p>\n","protected":false},"excerpt":{"rendered":"<p><img loading=\"lazy\" decoding=\"async\" class=\"alignnone size-medium wp-image-4135\" src=\"https:\/\/www.kanarchoad.com\/wp-content\/uploads\/2018\/04\/bambou-didgeridoo-Standard-300x47.jpg\" alt=\"\" width=\"300\" height=\"47\" \/><\/p>\n<div class=\"x-text\">\n<h3>Gamme Standard \u2013 Facile \u00e0 jouer<\/h3>\n<p>Ces bambous sont les plus abordables. Leur diam\u00e8tre est d\u2019environ 40mm (cela peut varier suivant les cannes, la nature ne connaissant pas la standardisation !). Ils sont faciles \u00e0 jouer, leur son est riche en harmoniques et bien \u00e9quilibr\u00e9.<\/p>\n<\/div>\n","protected":false},"featured_media":0,"template":"","meta":{"_et_pb_use_builder":"","_et_pb_old_content":"","_et_gb_content_width":"","_monsterinsights_skip_tracking":false,"_monsterinsights_sitenote_active":false,"_monsterinsights_sitenote_note":"","_monsterinsights_sitenote_category":0},"product_brand":[],"product_cat":[72],"product_tag":[],"class_list":{"0":"post-885","1":"product","2":"type-product","3":"status-publish","5":"product_cat-bambou","6":"product_shipping_class-livraison-bambou-standard-et-resonance","8":"first","9":"instock","10":"shipping-taxable","11":"purchasable","12":"product-type-variable"},"yoast_head":"<!-- This site is optimized with the Yoast SEO plugin v27.3 - https:\/\/yoast.com\/product\/yoast-seo-wordpress\/ -->\n<title>Didgeridoo Bambou | Gamme Essentiel - KAN AR C&#039;HOAD<\/title>\n<meta name=\"description\" content=\"Didgeridoo artisanal en bambou. Parfait pour d\u00e9buter\" \/>\n<meta name=\"robots\" content=\"index, follow, max-snippet:-1, max-image-preview:large, max-video-preview:-1\" \/>\n<link rel=\"canonical\" href=\"https:\/\/www.kanarchoad.com\/fr\/produit\/didgeridoo-bambou-gamme-essentiel\/\" \/>\n<meta property=\"og:locale\" content=\"fr_FR\" \/>\n<meta property=\"og:type\" content=\"article\" \/>\n<meta property=\"og:title\" content=\"Didgeridoo Bambou | Gamme Essentiel - KAN AR C&#039;HOAD\" \/>\n<meta property=\"og:description\" content=\"Didgeridoo artisanal en bambou. Parfait pour d\u00e9buter\" \/>\n<meta property=\"og:url\" content=\"https:\/\/www.kanarchoad.com\/fr\/produit\/didgeridoo-bambou-gamme-essentiel\/\" \/>\n<meta property=\"og:site_name\" content=\"KAN AR C&#039;HOAD\" \/>\n<meta property=\"article:publisher\" content=\"https:\/\/www.facebook.com\/Kan-ar-choad-199432683959952\/\" \/>\n<meta property=\"article:modified_time\" content=\"2026-04-23T08:38:42+00:00\" \/>\n<meta property=\"og:image\" content=\"https:\/\/www.kanarchoad.com\/wp-content\/uploads\/2016\/04\/accueil.jpg\" \/>\n\t<meta property=\"og:image:width\" content=\"1000\" \/>\n\t<meta property=\"og:image:height\" content=\"667\" \/>\n\t<meta property=\"og:image:type\" content=\"image\/jpeg\" \/>\n<meta name=\"twitter:card\" content=\"summary_large_image\" \/>\n<meta name=\"twitter:label1\" content=\"Dur\u00e9e de lecture estim\u00e9e\" \/>\n\t<meta name=\"twitter:data1\" content=\"1 minute\" \/>\n<script type=\"application\/ld+json\" class=\"yoast-schema-graph\">{\"@context\":\"https:\\\/\\\/schema.org\",\"@graph\":[{\"@type\":\"WebPage\",\"@id\":\"https:\\\/\\\/www.kanarchoad.com\\\/fr\\\/produit\\\/didgeridoo-bambou-gamme-essentiel\\\/\",\"url\":\"https:\\\/\\\/www.kanarchoad.com\\\/fr\\\/produit\\\/didgeridoo-bambou-gamme-essentiel\\\/\",\"name\":\"Didgeridoo Bambou | Gamme Essentiel - KAN AR C&#039;HOAD\",\"isPartOf\":{\"@id\":\"https:\\\/\\\/www.kanarchoad.com\\\/fr\\\/#website\"},\"datePublished\":\"2018-04-11T10:11:45+00:00\",\"dateModified\":\"2026-04-23T08:38:42+00:00\",\"description\":\"Didgeridoo artisanal en bambou. Parfait pour d\u00e9buter\",\"breadcrumb\":{\"@id\":\"https:\\\/\\\/www.kanarchoad.com\\\/fr\\\/produit\\\/didgeridoo-bambou-gamme-essentiel\\\/#breadcrumb\"},\"inLanguage\":\"fr-FR\",\"potentialAction\":[{\"@type\":\"ReadAction\",\"target\":[\"https:\\\/\\\/www.kanarchoad.com\\\/fr\\\/produit\\\/didgeridoo-bambou-gamme-essentiel\\\/\"]}]},{\"@type\":\"BreadcrumbList\",\"@id\":\"https:\\\/\\\/www.kanarchoad.com\\\/fr\\\/produit\\\/didgeridoo-bambou-gamme-essentiel\\\/#breadcrumb\",\"itemListElement\":[{\"@type\":\"ListItem\",\"position\":1,\"name\":\"Accueil\",\"item\":\"https:\\\/\\\/www.kanarchoad.com\\\/fr\\\/\"},{\"@type\":\"ListItem\",\"position\":2,\"name\":\"Boutique\",\"item\":\"https:\\\/\\\/www.kanarchoad.com\\\/fr\\\/boutique\\\/\"},{\"@type\":\"ListItem\",\"position\":3,\"name\":\"Didgeridoo Bambou | Gamme Essentiel\"}]},{\"@type\":\"WebSite\",\"@id\":\"https:\\\/\\\/www.kanarchoad.com\\\/fr\\\/#website\",\"url\":\"https:\\\/\\\/www.kanarchoad.com\\\/fr\\\/\",\"name\":\"KAN AR C&#039;HOAD\",\"description\":\"Facteur de Didgeridoo\",\"potentialAction\":[{\"@type\":\"SearchAction\",\"target\":{\"@type\":\"EntryPoint\",\"urlTemplate\":\"https:\\\/\\\/www.kanarchoad.com\\\/fr\\\/?s={search_term_string}\"},\"query-input\":{\"@type\":\"PropertyValueSpecification\",\"valueRequired\":true,\"valueName\":\"search_term_string\"}}],\"inLanguage\":\"fr-FR\"}]}<\/script>\n<!-- \/ Yoast SEO plugin. -->","yoast_head_json":{"title":"Didgeridoo Bambou | Gamme Essentiel - KAN AR C&#039;HOAD","description":"Didgeridoo artisanal en bambou. Parfait pour d\u00e9buter","robots":{"index":"index","follow":"follow","max-snippet":"max-snippet:-1","max-image-preview":"max-image-preview:large","max-video-preview":"max-video-preview:-1"},"canonical":"https:\/\/www.kanarchoad.com\/fr\/produit\/didgeridoo-bambou-gamme-essentiel\/","og_locale":"fr_FR","og_type":"article","og_title":"Didgeridoo Bambou | Gamme Essentiel - KAN AR C&#039;HOAD","og_description":"Didgeridoo artisanal en bambou. Parfait pour d\u00e9buter","og_url":"https:\/\/www.kanarchoad.com\/fr\/produit\/didgeridoo-bambou-gamme-essentiel\/","og_site_name":"KAN AR C&#039;HOAD","article_publisher":"https:\/\/www.facebook.com\/Kan-ar-choad-199432683959952\/","article_modified_time":"2026-04-23T08:38:42+00:00","og_image":[{"width":1000,"height":667,"url":"https:\/\/www.kanarchoad.com\/wp-content\/uploads\/2016\/04\/accueil.jpg","type":"image\/jpeg"}],"twitter_card":"summary_large_image","twitter_misc":{"Dur\u00e9e de lecture estim\u00e9e":"1 minute"},"schema":{"@context":"https:\/\/schema.org","@graph":[{"@type":"WebPage","@id":"https:\/\/www.kanarchoad.com\/fr\/produit\/didgeridoo-bambou-gamme-essentiel\/","url":"https:\/\/www.kanarchoad.com\/fr\/produit\/didgeridoo-bambou-gamme-essentiel\/","name":"Didgeridoo Bambou | Gamme Essentiel - KAN AR C&#039;HOAD","isPartOf":{"@id":"https:\/\/www.kanarchoad.com\/fr\/#website"},"datePublished":"2018-04-11T10:11:45+00:00","dateModified":"2026-04-23T08:38:42+00:00","description":"Didgeridoo artisanal en bambou. Parfait pour d\u00e9buter","breadcrumb":{"@id":"https:\/\/www.kanarchoad.com\/fr\/produit\/didgeridoo-bambou-gamme-essentiel\/#breadcrumb"},"inLanguage":"fr-FR","potentialAction":[{"@type":"ReadAction","target":["https:\/\/www.kanarchoad.com\/fr\/produit\/didgeridoo-bambou-gamme-essentiel\/"]}]},{"@type":"BreadcrumbList","@id":"https:\/\/www.kanarchoad.com\/fr\/produit\/didgeridoo-bambou-gamme-essentiel\/#breadcrumb","itemListElement":[{"@type":"ListItem","position":1,"name":"Accueil","item":"https:\/\/www.kanarchoad.com\/fr\/"},{"@type":"ListItem","position":2,"name":"Boutique","item":"https:\/\/www.kanarchoad.com\/fr\/boutique\/"},{"@type":"ListItem","position":3,"name":"Didgeridoo Bambou | Gamme Essentiel"}]},{"@type":"WebSite","@id":"https:\/\/www.kanarchoad.com\/fr\/#website","url":"https:\/\/www.kanarchoad.com\/fr\/","name":"KAN AR C&#039;HOAD","description":"Facteur de Didgeridoo","potentialAction":[{"@type":"SearchAction","target":{"@type":"EntryPoint","urlTemplate":"https:\/\/www.kanarchoad.com\/fr\/?s={search_term_string}"},"query-input":{"@type":"PropertyValueSpecification","valueRequired":true,"valueName":"search_term_string"}}],"inLanguage":"fr-FR"}]}},"_links":{"self":[{"href":"https:\/\/www.kanarchoad.com\/fr\/wp-json\/wp\/v2\/product\/885","targetHints":{"allow":["GET"]}}],"collection":[{"href":"https:\/\/www.kanarchoad.com\/fr\/wp-json\/wp\/v2\/product"}],"about":[{"href":"https:\/\/www.kanarchoad.com\/fr\/wp-json\/wp\/v2\/types\/product"}],"wp:attachment":[{"href":"https:\/\/www.kanarchoad.com\/fr\/wp-json\/wp\/v2\/media?parent=885"}],"wp:term":[{"taxonomy":"product_brand","embeddable":true,"href":"https:\/\/www.kanarchoad.com\/fr\/wp-json\/wp\/v2\/product_brand?post=885"},{"taxonomy":"product_cat","embeddable":true,"href":"https:\/\/www.kanarchoad.com\/fr\/wp-json\/wp\/v2\/product_cat?post=885"},{"taxonomy":"product_tag","embeddable":true,"href":"https:\/\/www.kanarchoad.com\/fr\/wp-json\/wp\/v2\/product_tag?post=885"}],"curies":[{"name":"wp","href":"https:\/\/api.w.org\/{rel}","templated":true}]}}