{"id":9,"date":"2016-04-09T07:49:33","date_gmt":"2016-04-09T06:49:33","guid":{"rendered":"https:\/\/www.kanarchoad.com\/?page_id=9"},"modified":"2020-12-07T09:44:31","modified_gmt":"2020-12-07T08:44:31","slug":"atelier","status":"publish","type":"page","link":"https:\/\/www.kanarchoad.com\/fr\/accueil\/atelier\/","title":{"rendered":"Atelier"},"content":{"rendered":"<p>[et_pb_section fb_built=\u00a0\u00bb1&Prime; _builder_version=\u00a0\u00bb4.7.1&Prime; _module_preset=\u00a0\u00bbdefault\u00a0\u00bb background_color=\u00a0\u00bb#e2ddd6&Prime;][et_pb_row _builder_version=\u00a0\u00bb4.7.1&Prime; _module_preset=\u00a0\u00bbdefault\u00a0\u00bb][et_pb_column type=\u00a0\u00bb4_4&Prime; _builder_version=\u00a0\u00bb4.7.1&Prime; _module_preset=\u00a0\u00bbdefault\u00a0\u00bb][et_pb_text _builder_version=\u00a0\u00bb4.7.1&Prime; _module_preset=\u00a0\u00bbdefault\u00a0\u00bb text_text_color=\u00a0\u00bb#11507d\u00a0\u00bb header_text_color=\u00a0\u00bb#11507d\u00a0\u00bb header_2_text_color=\u00a0\u00bb#11507d\u00a0\u00bb]<\/p>\n<h1>PRESENTATION<\/h1>\n<p>D\u00e8s ma premi\u00e8re rencontre avec le didgeridoo en 1997, j\u2019ai \u00e9t\u00e9 fascin\u00e9 par son incomparable univers sonore. Depuis, j\u2019explore les diff\u00e9rentes facettes de cet instrument : transmission, \u00e9criture musicale, facture instrumentale, musique\u2026 En 2005, apr\u00e8s une formation \u00e0 l\u2019art du tournage sur bois, je me lance dans la facture instrumentale de didgeridoo, avec la cr\u00e9ation de l\u2019entreprise KAN AR C\u2019HOAD, le chant du bois. De mon pass\u00e9 d\u2019ing\u00e9nieur en recherche de d\u00e9veloppement, j\u2019ai gard\u00e9 le go\u00fbt de l\u2019innovation et je consacre mes comp\u00e9tences \u00e0 faire \u00e9voluer le didgeridoo au niveau acoustique, de la forme et du chromatisme.<\/p>\n<p>[\/et_pb_text][\/et_pb_column][\/et_pb_row][\/et_pb_section][et_pb_section fb_built=\u00a0\u00bb1&Prime; _builder_version=\u00a0\u00bb4.7.1&Prime; _module_preset=\u00a0\u00bbdefault\u00a0\u00bb background_image=\u00a0\u00bbhttps:\/\/www.kanarchoad.com\/wp-content\/uploads\/2020\/11\/atelier-1.jpg\u00a0\u00bb parallax=\u00a0\u00bbon\u00a0\u00bb parallax_method=\u00a0\u00bboff\u00a0\u00bb custom_padding=\u00a0\u00bb20vh||20vh||true|false\u00a0\u00bb][et_pb_row _builder_version=\u00a0\u00bb4.7.1&Prime; _module_preset=\u00a0\u00bbdefault\u00a0\u00bb][et_pb_column type=\u00a0\u00bb4_4&Prime; _builder_version=\u00a0\u00bb4.7.1&Prime; _module_preset=\u00a0\u00bbdefault\u00a0\u00bb][\/et_pb_column][\/et_pb_row][\/et_pb_section][et_pb_section fb_built=\u00a0\u00bb1&Prime; _builder_version=\u00a0\u00bb4.7.1&Prime; _module_preset=\u00a0\u00bbdefault\u00a0\u00bb background_color=\u00a0\u00bb#d35d37&Prime;][et_pb_row _builder_version=\u00a0\u00bb4.7.1&Prime; _module_preset=\u00a0\u00bbdefault\u00a0\u00bb][et_pb_column type=\u00a0\u00bb4_4&Prime; _builder_version=\u00a0\u00bb4.7.1&Prime; _module_preset=\u00a0\u00bbdefault\u00a0\u00bb][et_pb_text _builder_version=\u00a0\u00bb4.7.1&Prime; _module_preset=\u00a0\u00bbdefault\u00a0\u00bb text_text_color=\u00a0\u00bb#ffffff\u00a0\u00bb header_text_color=\u00a0\u00bb#ffffff\u00a0\u00bb header_2_text_color=\u00a0\u00bb#ffffff\u00a0\u00bb]<\/p>\n<h2>RECHERCHES<\/h2>\n<p>Afin de faciliter la transmission et la m\u00e9morisation des rythmes, j\u2019ai cr\u00e9e un syst\u00e8me d\u2019\u00e9criture musicale d\u00e9di\u00e9 au didgeridoo \u00e0 partir d\u2019un alphabet phon\u00e9tique et de l\u2019\u00e9criture musicale rythmique conventionnelle.<br \/> J\u2019ai \u00e9galement, effectu\u00e9 des recherches sur le spectre harmonique du didgeridoo et d\u00e9velopp\u00e9 un logiciel de mod\u00e9lisation acoustique d\u00e9di\u00e9 au didgeridoo.<br \/> Avec cet outil, j\u2019accorde tr\u00e8s finement les diff\u00e9rents modes de vibrations et je d\u00e9finis la qualit\u00e9 du timbre de mes instruments : cristallin, terreux, doux, harmonique, tonique, rugueux, rond\u2026<br \/> J\u2019exp\u00e9rimente aussi des perces originales avec int\u00e9gration de boules de r\u00e9sonance.<br \/> De par mes exp\u00e9riences sc\u00e9niques, j\u2019ai eu envie de faire \u00e9voluer la forme du didgeridoo, le rendre plus mobile, tout en permettant de s\u2019entendre jouer : le Kromm Boud \u00e9tait n\u00e9 !<br \/> Le didgeridoo est int\u00e9gr\u00e9 dans diff\u00e9rents styles musicaux, cependant son caract\u00e8re monotonie est une contrainte pour la composition et implique de disposer de plusieurs instruments sur sc\u00e8ne. A la recherche d\u2019une solution alliant qualit\u00e9 acoustique et souplesse de changements de note, le Korn Bass a vu le jour apr\u00e8s 3 ans de travail et gr\u00e2ce \u00e0 la collaboration de ID-Composite et l\u2019aide financi\u00e8re de la r\u00e9gion Bretagne.<\/p>\n<p>[\/et_pb_text][\/et_pb_column][\/et_pb_row][\/et_pb_section][et_pb_section fb_built=\u00a0\u00bb1&Prime; _builder_version=\u00a0\u00bb4.7.1&Prime; _module_preset=\u00a0\u00bbdefault\u00a0\u00bb background_image=\u00a0\u00bbhttps:\/\/www.kanarchoad.com\/wp-content\/uploads\/2020\/11\/atelier-2.jpg\u00a0\u00bb custom_padding=\u00a0\u00bb10vh||10vh||true|false\u00a0\u00bb][et_pb_row _builder_version=\u00a0\u00bb4.7.1&Prime; _module_preset=\u00a0\u00bbdefault\u00a0\u00bb][et_pb_column type=\u00a0\u00bb4_4&Prime; _builder_version=\u00a0\u00bb4.7.1&Prime; _module_preset=\u00a0\u00bbdefault\u00a0\u00bb][\/et_pb_column][\/et_pb_row][\/et_pb_section][et_pb_section fb_built=\u00a0\u00bb1&Prime; _builder_version=\u00a0\u00bb4.7.1&Prime; _module_preset=\u00a0\u00bbdefault\u00a0\u00bb background_image=\u00a0\u00bbhttps:\/\/www.kanarchoad.com\/wp-content\/uploads\/2020\/11\/atelier-3.jpg\u00a0\u00bb parallax=\u00a0\u00bbon\u00a0\u00bb parallax_method=\u00a0\u00bboff\u00a0\u00bb custom_padding=\u00a0\u00bb20vh||20vh||true|false\u00a0\u00bb][et_pb_row _builder_version=\u00a0\u00bb4.7.1&Prime; _module_preset=\u00a0\u00bbdefault\u00a0\u00bb][et_pb_column type=\u00a0\u00bb4_4&Prime; _builder_version=\u00a0\u00bb4.7.1&Prime; _module_preset=\u00a0\u00bbdefault\u00a0\u00bb][et_pb_text _builder_version=\u00a0\u00bb4.7.1&Prime; _module_preset=\u00a0\u00bbdefault\u00a0\u00bb text_text_color=\u00a0\u00bb#ffffff\u00a0\u00bb header_text_color=\u00a0\u00bb#ffffff\u00a0\u00bb header_2_text_color=\u00a0\u00bb#ffffff\u00a0\u00bb]<\/p>\n<h2>CONCEPTION<\/h2>\n<p>Concevoir un didgeridoo c\u2019est pour moi mettre en priorit\u00e9 :<br \/>\nFluidit\u00e9, dynamique et pr\u00e9cision de jeu<br \/>\nPlaisir du souffle<br \/>\nG\u00e9n\u00e9rosit\u00e9 du spectre harmonique<br \/>\nPlaisir des oreilles<br \/>\nQualit\u00e9s des essences<br \/>\nPlaisir du toucher[\/et_pb_text][et_pb_text _builder_version=\u00a0\u00bb4.7.1&Prime; _module_preset=\u00a0\u00bbdefault\u00a0\u00bb background_color=\u00a0\u00bbrgba(255,255,255,0.8)\u00a0\u00bb custom_padding=\u00a0\u00bb5vh|5vw|5vh|5vw|true|true\u00a0\u00bb]<\/p>\n<h2>TRAVAIL DU BOIS<\/h2>\n<p>J\u2019utilise des essences de bois europ\u00e9ens (fr\u00eanes, cormier, alisier, robinet, merisier, \u00e9rable\u2026) en branche ou en plateau.<br \/>\nLe travail du bois s\u2019effectue au tour \u00e0 bois pour els tron\u00e7ons droits, \u00e0 la fraiseuse et \u00e0 la gouge pour les tron\u00e7ons courbes, ce qui permet de travailler la perce avec beaucoup de pr\u00e9cision et d\u2019avoir une bonne qualit\u00e9 de finition.<br \/>\nLe pi\u00e8ces sont travaill\u00e9es par \u00e9tapes afin de laisser le bois se stabiliser.<br \/>\nLes tron\u00e7ons droits sont r\u00e9alis\u00e9s d\u2019une pi\u00e8ce, sans collage longitudinal. Les tron\u00e7ons s\u2019assemblent par collage d\u2019une emboitement tenon \/ mortaise. Les tron\u00e7ons courbes sont r\u00e9alis\u00e9s en deux pi\u00e8ces assembl\u00e9es par collage d\u2019un emboitement rainure \/ languette rapport\u00e9e. Ce techniques d\u2019assemblage assurent une excellente \u00e9tanch\u00e9it\u00e9 et solidit\u00e9.<br \/>\nLe pon\u00e7age finale est effectu\u00e9 manuellement.<br \/>\nMes didgeridoos sont huil\u00e9s, ce qui permet de garder la douceur et texture naturelle du bois, sa respirabilit\u00e9, tout en le prot\u00e9geant de l\u2019humidit\u00e9.<br \/>\nChaque didgeridoo est une pi\u00e8ce unique, sign\u00e9 et num\u00e9rot\u00e9.<br \/>\nJe travaille sur mesure, faites-moi part de vos souhaits.[\/et_pb_text][\/et_pb_column][\/et_pb_row][\/et_pb_section][et_pb_section fb_built=\u00a0\u00bb1&Prime; _builder_version=\u00a0\u00bb4.7.1&Prime; _module_preset=\u00a0\u00bbdefault\u00a0\u00bb background_image=\u00a0\u00bbhttps:\/\/www.kanarchoad.com\/wp-content\/uploads\/2020\/11\/atelier-3.jpg\u00a0\u00bb parallax=\u00a0\u00bbon\u00a0\u00bb parallax_method=\u00a0\u00bboff\u00a0\u00bb custom_padding=\u00a0\u00bb20vh||20vh||true|false\u00a0\u00bb][et_pb_row _builder_version=\u00a0\u00bb4.7.1&Prime; _module_preset=\u00a0\u00bbdefault\u00a0\u00bb][et_pb_column type=\u00a0\u00bb4_4&Prime; _builder_version=\u00a0\u00bb4.7.1&Prime; _module_preset=\u00a0\u00bbdefault\u00a0\u00bb][et_pb_video src=\u00a0\u00bbhttps:\/\/www.youtube.com\/watch?v=-iuFftoW20M&#038;t=72s\u00a0\u00bb _builder_version=\u00a0\u00bb4.7.1&Prime; _module_preset=\u00a0\u00bbdefault\u00a0\u00bb locked=\u00a0\u00bboff\u00a0\u00bb][\/et_pb_video][\/et_pb_column][\/et_pb_row][\/et_pb_section]<\/p>\n","protected":false},"excerpt":{"rendered":"<p>PRESENTATION D\u00e8s ma premi\u00e8re rencontre avec le didgeridoo en 1997, j\u2019ai \u00e9t\u00e9 fascin\u00e9 par son incomparable univers sonore. Depuis, j\u2019explore les diff\u00e9rentes facettes de cet instrument : transmission, \u00e9criture musicale, facture instrumentale, musique\u2026 En 2005, apr\u00e8s une formation \u00e0 l\u2019art du tournage sur bois, je me lance dans la facture instrumentale de didgeridoo, avec la [&hellip;]<\/p>\n","protected":false},"author":1,"featured_media":0,"parent":5,"menu_order":0,"comment_status":"closed","ping_status":"closed","template":"","meta":{"_et_pb_use_builder":"on","_et_pb_old_content":"[cs_content][cs_element_section _id=\"1\"][cs_element_row _id=\"2\"][cs_element_column _id=\"3\"][cs_text _order=\"0\"]<h2><span style=\"color: #1a5682;\">PRESENTATION<\/span><\/h2><p><span style=\"color: #1a5682;\"> D\u00e8s ma premi\u00e8re rencontre avec le didgeridoo en 1997, j'ai \u00e9t\u00e9 fascin\u00e9 par son incomparable univers sonore. Depuis, j'explore les diff\u00e9rentes facettes de cet instrument : transmission, \u00e9criture musicale, facture instrumentale, musique... En 2005, apr\u00e8s une formation \u00e0 l'art du tournage sur bois, je me lance dans la facture instrumentale de didgeridoo, avec la cr\u00e9ation de l'entreprise KAN AR C'HOAD, le chant du bois. De mon pass\u00e9 d'ing\u00e9nieur en recherche de d\u00e9veloppement, j'ai gard\u00e9 le go\u00fbt de l'innovation et je consacre mes comp\u00e9tences \u00e0 faire \u00e9voluer le didgeridoo au niveau acoustique, de la forme et du chromatisme.<\/span><\/p>[\/cs_text][\/cs_element_column][\/cs_element_row][\/cs_element_section][cs_element_section _id=\"10\"][cs_element_row _id=\"11\"][cs_element_column _id=\"12\"]\u00a0[\/cs_element_column][\/cs_element_row][\/cs_element_section][cs_element_section _id=\"18\"][cs_element_row _id=\"19\"][cs_element_column _id=\"20\"][cs_text _order=\"0\"]<h2><span style=\"color: #ffffff;\">RECHERCHES<\/span><\/h2><p><br \/><span style=\"color: #ffffff;\"> Afin de faciliter la transmission et la m\u00e9morisation des rythmes, j'ai cr\u00e9e un syst\u00e8me d'\u00e9criture musicale d\u00e9di\u00e9 au didgeridoo \u00e0 partir d'un alphabet phon\u00e9tique et de l'\u00e9criture musicale rythmique conventionnelle.<\/span><br \/><span style=\"color: #ffffff;\"> J'ai \u00e9galement, effectu\u00e9 des recherches sur le spectre harmonique du didgeridoo et d\u00e9velopp\u00e9 un logiciel de mod\u00e9lisation acoustique d\u00e9di\u00e9 au didgeridoo.<\/span><br \/><span style=\"color: #ffffff;\"> Avec cet outil, j'accorde tr\u00e8s finement les diff\u00e9rents modes de vibrations et je d\u00e9finis la qualit\u00e9 du timbre de mes instruments : cristallin, terreux, doux, harmonique, tonique, rugueux, rond...<\/span><br \/><span style=\"color: #ffffff;\"> J'exp\u00e9rimente aussi des perces originales avec int\u00e9gration de boules de r\u00e9sonance.<\/span><br \/><span style=\"color: #ffffff;\"> De par mes exp\u00e9riences sc\u00e9niques, j'ai eu envie de faire \u00e9voluer la forme du didgeridoo, le rendre plus mobile, tout en permettant de s'entendre jouer : le Kromm Boud \u00e9tait n\u00e9 !<\/span><br \/><span style=\"color: #ffffff;\"> Le didgeridoo est int\u00e9gr\u00e9 dans diff\u00e9rents styles musicaux, cependant son caract\u00e8re monotonie est une contrainte pour la composition et implique de disposer de plusieurs instruments sur sc\u00e8ne. A la recherche d'une solution alliant qualit\u00e9 acoustique et souplesse de changements de note, le Korn Bass a vu le jour apr\u00e8s 3 ans de travail et gr\u00e2ce \u00e0 la collaboration de ID-Composite et l'aide financi\u00e8re de la r\u00e9gion Bretagne.<\/span><\/p>[\/cs_text][\/cs_element_column][\/cs_element_row][\/cs_element_section][cs_element_section _id=\"27\"][cs_element_row _id=\"28\"][cs_element_column _id=\"29\"]\u00a0[\/cs_element_column][\/cs_element_row][\/cs_element_section][cs_element_section _id=\"35\"][cs_element_row _id=\"36\"][cs_element_column _id=\"37\"][cs_text _order=\"0\"]<h2><span style=\"color: #ffffff;\">CONCEPTION<\/span><\/h2><p><br \/><span style=\"color: #ffffff;\"> Concevoir un didgeridoo c'est pour moi mettre en priorit\u00e9 :<\/span><br \/><span style=\"color: #ffffff;\"> Fluidit\u00e9, dynamique et pr\u00e9cision de jeu<\/span><br \/><span style=\"color: #ffffff;\"> Plaisir du souffle<\/span><br \/><span style=\"color: #ffffff;\"> G\u00e9n\u00e9rosit\u00e9 du spectre harmonique<\/span><br \/><span style=\"color: #ffffff;\"> Plaisir des oreilles<\/span><br \/><span style=\"color: #ffffff;\"> Qualit\u00e9s des essences<\/span><br \/><span style=\"color: #ffffff;\"> Plaisir du toucher<\/span><\/p>[\/cs_text][x_gap size=\"50px\"][\/cs_element_column][\/cs_element_row][cs_element_row _id=\"45\"][cs_element_column _id=\"46\"][cs_text _order=\"0\"]<h2>TRAVAIL DU BOIS<\/h2>\r\nJ'utilise des essences de bois europ\u00e9ens (fr\u00eanes, cormier, alisier, robinet, merisier, \u00e9rable...) en branche ou en plateau. \r\nLe travail du bois s'effectue au tour \u00e0 bois pour els tron\u00e7ons droits, \u00e0 la fraiseuse et \u00e0 la gouge pour les tron\u00e7ons courbes, ce qui permet de travailler la perce avec beaucoup de pr\u00e9cision et d'avoir une bonne qualit\u00e9 de finition. \r\nLe pi\u00e8ces sont travaill\u00e9es par \u00e9tapes afin de laisser le bois se stabiliser. \r\nLes tron\u00e7ons droits sont r\u00e9alis\u00e9s d'une pi\u00e8ce, sans collage longitudinal. Les tron\u00e7ons s'assemblent par collage d'une emboitement tenon \/ mortaise. Les tron\u00e7ons courbes sont r\u00e9alis\u00e9s en deux pi\u00e8ces assembl\u00e9es par collage d'un emboitement rainure \/ languette rapport\u00e9e. Ce techniques d'assemblage assurent une excellente \u00e9tanch\u00e9it\u00e9 et solidit\u00e9. \r\nLe pon\u00e7age finale est effectu\u00e9 manuellement. \r\nMes didgeridoos sont huil\u00e9s, ce qui permet de garder la douceur et texture naturelle du bois, sa respirabilit\u00e9, tout en le prot\u00e9geant de l'humidit\u00e9.\r\nChaque didgeridoo est une pi\u00e8ce unique, sign\u00e9 et num\u00e9rot\u00e9. \r\nJe travaille sur mesure, faites-moi part de vos souhaits. [\/cs_text][\/cs_element_column][\/cs_element_row][\/cs_element_section][\/cs_content]","_et_gb_content_width":"","_monsterinsights_skip_tracking":false,"_monsterinsights_sitenote_active":false,"_monsterinsights_sitenote_note":"","_monsterinsights_sitenote_category":0,"footnotes":""},"class_list":["post-9","page","type-page","status-publish","hentry"],"yoast_head":"<!-- This site is optimized with the Yoast SEO plugin v27.3 - https:\/\/yoast.com\/product\/yoast-seo-wordpress\/ -->\n<title>Atelier - KAN AR C&#039;HOAD<\/title>\n<meta name=\"description\" content=\"Concevoir un didgeridoo c&#039;est pour moi mettre en priorit\u00e9 : Fluidit\u00e9, dynamique et pr\u00e9cision de jeu Plaisir du souffle G\u00e9n\u00e9rosit\u00e9 du spectre harmonique Plaisir des oreilles Qualit\u00e9 des essences Plaisir du toucher\" \/>\n<meta name=\"robots\" content=\"index, follow, max-snippet:-1, max-image-preview:large, max-video-preview:-1\" \/>\n<link rel=\"canonical\" href=\"https:\/\/www.kanarchoad.com\/fr\/accueil\/atelier\/\" \/>\n<meta property=\"og:locale\" content=\"fr_FR\" \/>\n<meta property=\"og:type\" content=\"article\" \/>\n<meta property=\"og:title\" content=\"Atelier - KAN AR C&#039;HOAD\" \/>\n<meta property=\"og:description\" content=\"Concevoir un didgeridoo c&#039;est pour moi mettre en priorit\u00e9 : Fluidit\u00e9, dynamique et pr\u00e9cision de jeu Plaisir du souffle G\u00e9n\u00e9rosit\u00e9 du spectre harmonique Plaisir des oreilles Qualit\u00e9 des essences Plaisir du toucher\" \/>\n<meta property=\"og:url\" content=\"https:\/\/www.kanarchoad.com\/fr\/accueil\/atelier\/\" \/>\n<meta property=\"og:site_name\" content=\"KAN AR C&#039;HOAD\" \/>\n<meta property=\"article:publisher\" content=\"https:\/\/www.facebook.com\/Kan-ar-choad-199432683959952\/\" \/>\n<meta property=\"article:modified_time\" content=\"2020-12-07T08:44:31+00:00\" \/>\n<meta property=\"og:image\" content=\"https:\/\/www.kanarchoad.com\/wp-content\/uploads\/2016\/04\/accueil.jpg\" \/>\n\t<meta property=\"og:image:width\" content=\"1000\" \/>\n\t<meta property=\"og:image:height\" content=\"667\" \/>\n\t<meta property=\"og:image:type\" content=\"image\/jpeg\" \/>\n<meta name=\"twitter:card\" content=\"summary_large_image\" \/>\n<meta name=\"twitter:label1\" content=\"Dur\u00e9e de lecture estim\u00e9e\" \/>\n\t<meta name=\"twitter:data1\" content=\"5 minutes\" \/>\n<script type=\"application\/ld+json\" class=\"yoast-schema-graph\">{\"@context\":\"https:\\\/\\\/schema.org\",\"@graph\":[{\"@type\":\"WebPage\",\"@id\":\"https:\\\/\\\/www.kanarchoad.com\\\/fr\\\/accueil\\\/atelier\\\/\",\"url\":\"https:\\\/\\\/www.kanarchoad.com\\\/fr\\\/accueil\\\/atelier\\\/\",\"name\":\"Atelier - KAN AR C&#039;HOAD\",\"isPartOf\":{\"@id\":\"https:\\\/\\\/www.kanarchoad.com\\\/fr\\\/#website\"},\"datePublished\":\"2016-04-09T06:49:33+00:00\",\"dateModified\":\"2020-12-07T08:44:31+00:00\",\"description\":\"Concevoir un didgeridoo c'est pour moi mettre en priorit\u00e9 : Fluidit\u00e9, dynamique et pr\u00e9cision de jeu Plaisir du souffle G\u00e9n\u00e9rosit\u00e9 du spectre harmonique Plaisir des oreilles Qualit\u00e9 des essences Plaisir du toucher\",\"breadcrumb\":{\"@id\":\"https:\\\/\\\/www.kanarchoad.com\\\/fr\\\/accueil\\\/atelier\\\/#breadcrumb\"},\"inLanguage\":\"fr-FR\",\"potentialAction\":[{\"@type\":\"ReadAction\",\"target\":[\"https:\\\/\\\/www.kanarchoad.com\\\/fr\\\/accueil\\\/atelier\\\/\"]}]},{\"@type\":\"BreadcrumbList\",\"@id\":\"https:\\\/\\\/www.kanarchoad.com\\\/fr\\\/accueil\\\/atelier\\\/#breadcrumb\",\"itemListElement\":[{\"@type\":\"ListItem\",\"position\":1,\"name\":\"Accueil\",\"item\":\"https:\\\/\\\/www.kanarchoad.com\\\/fr\\\/\"},{\"@type\":\"ListItem\",\"position\":2,\"name\":\"Accueil\",\"item\":\"https:\\\/\\\/www.kanarchoad.com\\\/fr\\\/\"},{\"@type\":\"ListItem\",\"position\":3,\"name\":\"Atelier\"}]},{\"@type\":\"WebSite\",\"@id\":\"https:\\\/\\\/www.kanarchoad.com\\\/fr\\\/#website\",\"url\":\"https:\\\/\\\/www.kanarchoad.com\\\/fr\\\/\",\"name\":\"KAN AR C&#039;HOAD\",\"description\":\"Facteur de Didgeridoo\",\"potentialAction\":[{\"@type\":\"SearchAction\",\"target\":{\"@type\":\"EntryPoint\",\"urlTemplate\":\"https:\\\/\\\/www.kanarchoad.com\\\/fr\\\/?s={search_term_string}\"},\"query-input\":{\"@type\":\"PropertyValueSpecification\",\"valueRequired\":true,\"valueName\":\"search_term_string\"}}],\"inLanguage\":\"fr-FR\"}]}<\/script>\n<!-- \/ Yoast SEO plugin. -->","yoast_head_json":{"title":"Atelier - KAN AR C&#039;HOAD","description":"Concevoir un didgeridoo c'est pour moi mettre en priorit\u00e9 : Fluidit\u00e9, dynamique et pr\u00e9cision de jeu Plaisir du souffle G\u00e9n\u00e9rosit\u00e9 du spectre harmonique Plaisir des oreilles Qualit\u00e9 des essences Plaisir du toucher","robots":{"index":"index","follow":"follow","max-snippet":"max-snippet:-1","max-image-preview":"max-image-preview:large","max-video-preview":"max-video-preview:-1"},"canonical":"https:\/\/www.kanarchoad.com\/fr\/accueil\/atelier\/","og_locale":"fr_FR","og_type":"article","og_title":"Atelier - KAN AR C&#039;HOAD","og_description":"Concevoir un didgeridoo c'est pour moi mettre en priorit\u00e9 : Fluidit\u00e9, dynamique et pr\u00e9cision de jeu Plaisir du souffle G\u00e9n\u00e9rosit\u00e9 du spectre harmonique Plaisir des oreilles Qualit\u00e9 des essences Plaisir du toucher","og_url":"https:\/\/www.kanarchoad.com\/fr\/accueil\/atelier\/","og_site_name":"KAN AR C&#039;HOAD","article_publisher":"https:\/\/www.facebook.com\/Kan-ar-choad-199432683959952\/","article_modified_time":"2020-12-07T08:44:31+00:00","og_image":[{"width":1000,"height":667,"url":"https:\/\/www.kanarchoad.com\/wp-content\/uploads\/2016\/04\/accueil.jpg","type":"image\/jpeg"}],"twitter_card":"summary_large_image","twitter_misc":{"Dur\u00e9e de lecture estim\u00e9e":"5 minutes"},"schema":{"@context":"https:\/\/schema.org","@graph":[{"@type":"WebPage","@id":"https:\/\/www.kanarchoad.com\/fr\/accueil\/atelier\/","url":"https:\/\/www.kanarchoad.com\/fr\/accueil\/atelier\/","name":"Atelier - KAN AR C&#039;HOAD","isPartOf":{"@id":"https:\/\/www.kanarchoad.com\/fr\/#website"},"datePublished":"2016-04-09T06:49:33+00:00","dateModified":"2020-12-07T08:44:31+00:00","description":"Concevoir un didgeridoo c'est pour moi mettre en priorit\u00e9 : Fluidit\u00e9, dynamique et pr\u00e9cision de jeu Plaisir du souffle G\u00e9n\u00e9rosit\u00e9 du spectre harmonique Plaisir des oreilles Qualit\u00e9 des essences Plaisir du toucher","breadcrumb":{"@id":"https:\/\/www.kanarchoad.com\/fr\/accueil\/atelier\/#breadcrumb"},"inLanguage":"fr-FR","potentialAction":[{"@type":"ReadAction","target":["https:\/\/www.kanarchoad.com\/fr\/accueil\/atelier\/"]}]},{"@type":"BreadcrumbList","@id":"https:\/\/www.kanarchoad.com\/fr\/accueil\/atelier\/#breadcrumb","itemListElement":[{"@type":"ListItem","position":1,"name":"Accueil","item":"https:\/\/www.kanarchoad.com\/fr\/"},{"@type":"ListItem","position":2,"name":"Accueil","item":"https:\/\/www.kanarchoad.com\/fr\/"},{"@type":"ListItem","position":3,"name":"Atelier"}]},{"@type":"WebSite","@id":"https:\/\/www.kanarchoad.com\/fr\/#website","url":"https:\/\/www.kanarchoad.com\/fr\/","name":"KAN AR C&#039;HOAD","description":"Facteur de Didgeridoo","potentialAction":[{"@type":"SearchAction","target":{"@type":"EntryPoint","urlTemplate":"https:\/\/www.kanarchoad.com\/fr\/?s={search_term_string}"},"query-input":{"@type":"PropertyValueSpecification","valueRequired":true,"valueName":"search_term_string"}}],"inLanguage":"fr-FR"}]}},"_links":{"self":[{"href":"https:\/\/www.kanarchoad.com\/fr\/wp-json\/wp\/v2\/pages\/9","targetHints":{"allow":["GET"]}}],"collection":[{"href":"https:\/\/www.kanarchoad.com\/fr\/wp-json\/wp\/v2\/pages"}],"about":[{"href":"https:\/\/www.kanarchoad.com\/fr\/wp-json\/wp\/v2\/types\/page"}],"author":[{"embeddable":true,"href":"https:\/\/www.kanarchoad.com\/fr\/wp-json\/wp\/v2\/users\/1"}],"replies":[{"embeddable":true,"href":"https:\/\/www.kanarchoad.com\/fr\/wp-json\/wp\/v2\/comments?post=9"}],"version-history":[{"count":2,"href":"https:\/\/www.kanarchoad.com\/fr\/wp-json\/wp\/v2\/pages\/9\/revisions"}],"predecessor-version":[{"id":12400,"href":"https:\/\/www.kanarchoad.com\/fr\/wp-json\/wp\/v2\/pages\/9\/revisions\/12400"}],"up":[{"embeddable":true,"href":"https:\/\/www.kanarchoad.com\/fr\/wp-json\/wp\/v2\/pages\/5"}],"wp:attachment":[{"href":"https:\/\/www.kanarchoad.com\/fr\/wp-json\/wp\/v2\/media?parent=9"}],"curies":[{"name":"wp","href":"https:\/\/api.w.org\/{rel}","templated":true}]}}