{"id":5,"date":"2016-04-09T07:48:45","date_gmt":"2016-04-09T06:48:45","guid":{"rendered":"https:\/\/www.kanarchoad.com\/?page_id=5"},"modified":"2021-12-16T13:59:12","modified_gmt":"2021-12-16T12:59:12","slug":"accueil","status":"publish","type":"page","link":"https:\/\/www.kanarchoad.com\/fr\/","title":{"rendered":"Accueil"},"content":{"rendered":"<p>[et_pb_section fb_built=\u00a0\u00bb1&Prime; fullwidth=\u00a0\u00bbon\u00a0\u00bb _builder_version=\u00a0\u00bb4.7.1&Prime; _module_preset=\u00a0\u00bbdefault\u00a0\u00bb background_enable_image=\u00a0\u00bboff\u00a0\u00bb global_colors_info=\u00a0\u00bb{}\u00a0\u00bb][et_pb_fullwidth_header text_orientation=\u00a0\u00bbcenter\u00a0\u00bb logo_image_url=\u00a0\u00bbhttps:\/\/www.kanarchoad.com\/wp-content\/uploads\/2018\/01\/Logo-Kanarchoad-bleu_s2-fr.png\u00a0\u00bb content_max_width=\u00a0\u00bb630px\u00a0\u00bb _builder_version=\u00a0\u00bb4.7.1&Prime; _module_preset=\u00a0\u00bbdefault\u00a0\u00bb background_image=\u00a0\u00bbhttps:\/\/www.kanarchoad.com\/wp-content\/uploads\/2020\/11\/Instruments.jpg\u00a0\u00bb min_height=\u00a0\u00bb70vh\u00a0\u00bb custom_css_logo=\u00a0\u00bbbackground-color: hsla(0,0%,100%,0.71);||padding:35px;||border-radius: 10px;\u00a0\u00bb global_colors_info=\u00a0\u00bb{}\u00a0\u00bb][\/et_pb_fullwidth_header][\/et_pb_section][et_pb_section fb_built=\u00a0\u00bb1&Prime; _builder_version=\u00a0\u00bb4.7.1&Prime; _module_preset=\u00a0\u00bbdefault\u00a0\u00bb global_colors_info=\u00a0\u00bb{}\u00a0\u00bb][et_pb_row column_structure=\u00a0\u00bb1_4,3_4&Prime; make_equal=\u00a0\u00bbon\u00a0\u00bb _builder_version=\u00a0\u00bb4.7.1&Prime; _module_preset=\u00a0\u00bbdefault\u00a0\u00bb global_colors_info=\u00a0\u00bb{}\u00a0\u00bb][et_pb_column type=\u00a0\u00bb1_4&Prime; module_class=\u00a0\u00bbvertical-align\u00a0\u00bb _builder_version=\u00a0\u00bb4.7.1&Prime; _module_preset=\u00a0\u00bbdefault\u00a0\u00bb global_colors_info=\u00a0\u00bb{}\u00a0\u00bb][et_pb_image src=\u00a0\u00bbhttps:\/\/www.kanarchoad.com\/wp-content\/uploads\/2020\/11\/pic-bambou.png\u00a0\u00bb title_text=\u00a0\u00bbpic-bambou\u00a0\u00bb align=\u00a0\u00bbcenter\u00a0\u00bb align_tablet=\u00a0\u00bbleft\u00a0\u00bb align_phone=\u00a0\u00bb\u00a0\u00bb align_last_edited=\u00a0\u00bbon|tablet\u00a0\u00bb _builder_version=\u00a0\u00bb4.7.1&Prime; _module_preset=\u00a0\u00bbdefault\u00a0\u00bb global_colors_info=\u00a0\u00bb{}\u00a0\u00bb][\/et_pb_image][\/et_pb_column][et_pb_column type=\u00a0\u00bb3_4&Prime; module_class=\u00a0\u00bbvertical-align\u00a0\u00bb _builder_version=\u00a0\u00bb4.7.1&Prime; _module_preset=\u00a0\u00bbdefault\u00a0\u00bb global_colors_info=\u00a0\u00bb{}\u00a0\u00bb][et_pb_text _builder_version=\u00a0\u00bb4.7.1&Prime; _module_preset=\u00a0\u00bbdefault\u00a0\u00bb global_colors_info=\u00a0\u00bb{}\u00a0\u00bb]<\/p>\n<h2>Didgeridoo en bambou<\/h2>\n<p>Le bambou est parfait pour commencer \u00e0 jouer. Son prix abordable et son aspect naturelle font de lui le parfait compagnon pour tous d\u00e9butants au didgeridoo.<\/p>\n<p>[\/et_pb_text][et_pb_button button_url=\u00a0\u00bb@ET-DC@eyJkeW5hbWljIjp0cnVlLCJjb250ZW50IjoicG9zdF9saW5rX3VybF9wYWdlIiwic2V0dGluZ3MiOnsicG9zdF9pZCI6IjI4In19@\u00a0\u00bb button_text=\u00a0\u00bbD\u00e9couvrir les didgeridoo en bambou\u00a0\u00bb _builder_version=\u00a0\u00bb4.7.1&Prime; _dynamic_attributes=\u00a0\u00bbbutton_url\u00a0\u00bb _module_preset=\u00a0\u00bbdefault\u00a0\u00bb global_colors_info=\u00a0\u00bb{}\u00a0\u00bb][\/et_pb_button][\/et_pb_column][\/et_pb_row][et_pb_row column_structure=\u00a0\u00bb1_4,3_4&Prime; make_equal=\u00a0\u00bbon\u00a0\u00bb _builder_version=\u00a0\u00bb4.7.1&Prime; _module_preset=\u00a0\u00bbdefault\u00a0\u00bb global_colors_info=\u00a0\u00bb{}\u00a0\u00bb][et_pb_column type=\u00a0\u00bb1_4&Prime; module_class=\u00a0\u00bbvertical-align\u00a0\u00bb _builder_version=\u00a0\u00bb4.7.1&Prime; _module_preset=\u00a0\u00bbdefault\u00a0\u00bb global_colors_info=\u00a0\u00bb{}\u00a0\u00bb][et_pb_image src=\u00a0\u00bbhttps:\/\/www.kanarchoad.com\/wp-content\/uploads\/2020\/11\/pic-didg.png\u00a0\u00bb title_text=\u00a0\u00bbpic-didg\u00a0\u00bb align=\u00a0\u00bbcenter\u00a0\u00bb align_tablet=\u00a0\u00bbleft\u00a0\u00bb align_phone=\u00a0\u00bb\u00a0\u00bb align_last_edited=\u00a0\u00bbon|tablet\u00a0\u00bb _builder_version=\u00a0\u00bb4.7.1&Prime; _module_preset=\u00a0\u00bbdefault\u00a0\u00bb global_colors_info=\u00a0\u00bb{}\u00a0\u00bb][\/et_pb_image][\/et_pb_column][et_pb_column type=\u00a0\u00bb3_4&Prime; module_class=\u00a0\u00bbvertical-align\u00a0\u00bb _builder_version=\u00a0\u00bb4.7.1&Prime; _module_preset=\u00a0\u00bbdefault\u00a0\u00bb global_colors_info=\u00a0\u00bb{}\u00a0\u00bb][et_pb_text _builder_version=\u00a0\u00bb4.7.1&Prime; _module_preset=\u00a0\u00bbdefault\u00a0\u00bb global_colors_info=\u00a0\u00bb{}\u00a0\u00bb]<\/p>\n<h2>Didgeridoo en bois<\/h2>\n<p>Fabriqu\u00e9 en Bretagne avec du bois local.[\/et_pb_text][et_pb_button button_url=\u00a0\u00bb@ET-DC@eyJkeW5hbWljIjp0cnVlLCJjb250ZW50IjoicG9zdF9saW5rX3VybF9wYWdlIiwic2V0dGluZ3MiOnsicG9zdF9pZCI6IjM2MTcifX0=@\u00a0\u00bb button_text=\u00a0\u00bbD\u00e9couvrir les didgeridoos en bois\u00a0\u00bb _builder_version=\u00a0\u00bb4.7.1&Prime; _dynamic_attributes=\u00a0\u00bbbutton_url\u00a0\u00bb _module_preset=\u00a0\u00bbdefault\u00a0\u00bb global_colors_info=\u00a0\u00bb{}\u00a0\u00bb][\/et_pb_button][\/et_pb_column][\/et_pb_row][et_pb_row column_structure=\u00a0\u00bb1_4,3_4&Prime; make_equal=\u00a0\u00bbon\u00a0\u00bb _builder_version=\u00a0\u00bb4.7.1&Prime; _module_preset=\u00a0\u00bbdefault\u00a0\u00bb global_colors_info=\u00a0\u00bb{}\u00a0\u00bb][et_pb_column type=\u00a0\u00bb1_4&Prime; module_class=\u00a0\u00bbvertical-align\u00a0\u00bb _builder_version=\u00a0\u00bb4.7.1&Prime; _module_preset=\u00a0\u00bbdefault\u00a0\u00bb global_colors_info=\u00a0\u00bb{}\u00a0\u00bb][et_pb_image src=\u00a0\u00bbhttps:\/\/www.kanarchoad.com\/wp-content\/uploads\/2020\/11\/pic-kromm.png\u00a0\u00bb title_text=\u00a0\u00bbpic-kromm\u00a0\u00bb align=\u00a0\u00bbcenter\u00a0\u00bb align_tablet=\u00a0\u00bbleft\u00a0\u00bb align_phone=\u00a0\u00bb\u00a0\u00bb align_last_edited=\u00a0\u00bbon|tablet\u00a0\u00bb _builder_version=\u00a0\u00bb4.7.1&Prime; _module_preset=\u00a0\u00bbdefault\u00a0\u00bb global_colors_info=\u00a0\u00bb{}\u00a0\u00bb][\/et_pb_image][\/et_pb_column][et_pb_column type=\u00a0\u00bb3_4&Prime; module_class=\u00a0\u00bbvertical-align\u00a0\u00bb _builder_version=\u00a0\u00bb4.7.1&Prime; _module_preset=\u00a0\u00bbdefault\u00a0\u00bb global_colors_info=\u00a0\u00bb{}\u00a0\u00bb][et_pb_text _builder_version=\u00a0\u00bb4.7.1&Prime; _module_preset=\u00a0\u00bbdefault\u00a0\u00bb global_colors_info=\u00a0\u00bb{}\u00a0\u00bb]<\/p>\n<h2>Kromm Boud<\/h2>\n<p>Les KROMM BOUD sont des didgeridoos haut de gamme con\u00e7us pour jouer debout sur sc\u00e8ne ou en busking. La forme rend le portage confortable, procure au musicien une grande mobilit\u00e9 et une belle esth\u00e9tique sc\u00e9nique.<\/p>\n<p>[\/et_pb_text][et_pb_button button_url=\u00a0\u00bb@ET-DC@eyJkeW5hbWljIjp0cnVlLCJjb250ZW50IjoicG9zdF9saW5rX3VybF9wYWdlIiwic2V0dGluZ3MiOnsicG9zdF9pZCI6IjMyIn19@\u00a0\u00bb button_text=\u00a0\u00bbD\u00e9couvrir les Kromm Boud\u00a0\u00bb _builder_version=\u00a0\u00bb4.7.1&Prime; _dynamic_attributes=\u00a0\u00bbbutton_url\u00a0\u00bb _module_preset=\u00a0\u00bbdefault\u00a0\u00bb global_colors_info=\u00a0\u00bb{}\u00a0\u00bb][\/et_pb_button][\/et_pb_column][\/et_pb_row][et_pb_row column_structure=\u00a0\u00bb1_4,3_4&Prime; make_equal=\u00a0\u00bbon\u00a0\u00bb _builder_version=\u00a0\u00bb4.7.1&Prime; _module_preset=\u00a0\u00bbdefault\u00a0\u00bb global_colors_info=\u00a0\u00bb{}\u00a0\u00bb][et_pb_column type=\u00a0\u00bb1_4&Prime; module_class=\u00a0\u00bbvertical-align\u00a0\u00bb _builder_version=\u00a0\u00bb4.7.1&Prime; _module_preset=\u00a0\u00bbdefault\u00a0\u00bb global_colors_info=\u00a0\u00bb{}\u00a0\u00bb][et_pb_image src=\u00a0\u00bbhttps:\/\/www.kanarchoad.com\/wp-content\/uploads\/2020\/11\/pic-korn.png\u00a0\u00bb title_text=\u00a0\u00bbpic-korn\u00a0\u00bb align=\u00a0\u00bbcenter\u00a0\u00bb align_tablet=\u00a0\u00bbleft\u00a0\u00bb align_phone=\u00a0\u00bb\u00a0\u00bb align_last_edited=\u00a0\u00bbon|tablet\u00a0\u00bb _builder_version=\u00a0\u00bb4.7.1&Prime; _module_preset=\u00a0\u00bbdefault\u00a0\u00bb global_colors_info=\u00a0\u00bb{}\u00a0\u00bb][\/et_pb_image][\/et_pb_column][et_pb_column type=\u00a0\u00bb3_4&Prime; module_class=\u00a0\u00bbvertical-align\u00a0\u00bb _builder_version=\u00a0\u00bb4.7.1&Prime; _module_preset=\u00a0\u00bbdefault\u00a0\u00bb global_colors_info=\u00a0\u00bb{}\u00a0\u00bb][et_pb_text _builder_version=\u00a0\u00bb4.7.1&Prime; _module_preset=\u00a0\u00bbdefault\u00a0\u00bb global_colors_info=\u00a0\u00bb{}\u00a0\u00bb]<\/p>\n<h2>Korn bass<\/h2>\n<p>Le KORN BASS (didgeridoo chromatique \u00e0 coulisse) ouvre des perspectives musicales novatrices uniques \u00e0 la crois\u00e9e du didgeridoo et du trombone \u00e0 coulisse.<\/p>\n<p>[\/et_pb_text][et_pb_button button_url=\u00a0\u00bb@ET-DC@eyJkeW5hbWljIjp0cnVlLCJjb250ZW50IjoicG9zdF9saW5rX3VybF9wYWdlIiwic2V0dGluZ3MiOnsicG9zdF9pZCI6IjM1In19@\u00a0\u00bb button_text=\u00a0\u00bbD\u00e9couvrir le Korn Bass\u00a0\u00bb _builder_version=\u00a0\u00bb4.7.1&Prime; _dynamic_attributes=\u00a0\u00bbbutton_url\u00a0\u00bb _module_preset=\u00a0\u00bbdefault\u00a0\u00bb global_colors_info=\u00a0\u00bb{}\u00a0\u00bb][\/et_pb_button][\/et_pb_column][\/et_pb_row][\/et_pb_section][et_pb_section fb_built=\u00a0\u00bb1&Prime; _builder_version=\u00a0\u00bb4.7.1&Prime; _module_preset=\u00a0\u00bbdefault\u00a0\u00bb background_color=\u00a0\u00bb#e2ddd6&Prime; global_colors_info=\u00a0\u00bb{}\u00a0\u00bb][et_pb_row _builder_version=\u00a0\u00bb4.7.1&Prime; _module_preset=\u00a0\u00bbdefault\u00a0\u00bb global_colors_info=\u00a0\u00bb{}\u00a0\u00bb][et_pb_column type=\u00a0\u00bb4_4&Prime; _builder_version=\u00a0\u00bb4.7.1&Prime; _module_preset=\u00a0\u00bbdefault\u00a0\u00bb global_colors_info=\u00a0\u00bb{}\u00a0\u00bb][et_pb_image src=\u00a0\u00bbhttps:\/\/www.kanarchoad.com\/wp-content\/uploads\/2020\/11\/david-defois.jpg\u00a0\u00bb title_text=\u00a0\u00bbdavid-defois\u00a0\u00bb align=\u00a0\u00bbcenter\u00a0\u00bb _builder_version=\u00a0\u00bb4.7.1&Prime; _module_preset=\u00a0\u00bbdefault\u00a0\u00bb border_radii=\u00a0\u00bbon|50%|50%|50%|50%\u00a0\u00bb global_colors_info=\u00a0\u00bb{}\u00a0\u00bb][\/et_pb_image][et_pb_text _builder_version=\u00a0\u00bb4.7.1&Prime; _module_preset=\u00a0\u00bbdefault\u00a0\u00bb text_orientation=\u00a0\u00bbcenter\u00a0\u00bb global_colors_info=\u00a0\u00bb{}\u00a0\u00bb]<\/p>\n<h2>Pr\u00e9sentation<\/h2>\n<p>Bienvenue sur le site de David Defois \u2013 Facteur de Didgeridoo, Kromm Boud et Korn Bass.<br \/> D\u00e9couvrez mes cr\u00e9ations au fil des pages et que le chant du bois vous porte et vous transporte.<\/p>\n<p>[\/et_pb_text][\/et_pb_column][\/et_pb_row][\/et_pb_section]<\/p>\n","protected":false},"excerpt":{"rendered":"<p>Didgeridoo en bambou Le bambou est parfait pour commencer \u00e0 jouer. Son prix abordable et son aspect naturelle font de lui le parfait compagnon pour tous d\u00e9butants au didgeridoo.Didgeridoo en bois Fabriqu\u00e9 en Bretagne avec du bois local.Kromm Boud Les KROMM BOUD sont des didgeridoos haut de gamme con\u00e7us pour jouer debout sur sc\u00e8ne ou [&hellip;]<\/p>\n","protected":false},"author":1,"featured_media":627,"parent":0,"menu_order":0,"comment_status":"closed","ping_status":"closed","template":"","meta":{"_et_pb_use_builder":"on","_et_pb_old_content":"[cs_content][cs_element_section _id=\"1\"][cs_element_row _id=\"2\"][cs_element_column _id=\"3\"][x_image type=\"none\" src=\"https:\/\/www.kanarchoad.com\/wp-content\/uploads\/2018\/04\/Logo-Kanarchoad-bleu_s2-fr.png\" alt=\"\" link=\"false\" href=\"#\" title=\"\" target=\"\" info=\"none\" info_place=\"top\" info_trigger=\"hover\" info_content=\"\"][\/cs_element_column][\/cs_element_row][\/cs_element_section][cs_element_section _id=\"10\"][cs_element_row _id=\"11\"][cs_element_column _id=\"12\"][x_image type=\"none\" src=\"https:\/\/www.kanarchoad.com\/wp-content\/uploads\/2018\/04\/pic-bambou.png\" alt=\"\" link=\"false\" href=\"#\" title=\"\" target=\"\" info=\"none\" info_place=\"top\" info_trigger=\"hover\" info_content=\"\"][\/cs_element_column][cs_element_column _id=\"14\"][cs_text _order=\"0\"]<h2>Didgeridoo en bambou<\/h2>\r\nLe bambou est parfait pour commencer \u00e0 jouer. Son prix abordable et son aspect naturelle font de lui le parfait compagnon pour tous d\u00e9butants au didgeridoo. [\/cs_text][x_button size=\"global\" block=\"false\" circle=\"false\" icon_only=\"false\" href=\"https:\/\/www.kanarchoad.com\/fr\/instruments\/bambou-2\/\" title=\"\" target=\"\" info=\"none\" info_place=\"top\" info_trigger=\"hover\" info_content=\"\"]D\u00e9couvrir les didgeridoo en bambou[\/x_button][\/cs_element_column][\/cs_element_row][cs_element_row _id=\"21\"][cs_element_column _id=\"22\"][x_image type=\"none\" src=\"https:\/\/www.kanarchoad.com\/wp-content\/uploads\/2018\/04\/pic-didg.png\" alt=\"\" link=\"false\" href=\"#\" title=\"\" target=\"\" info=\"none\" info_place=\"top\" info_trigger=\"hover\" info_content=\"\"][\/cs_element_column][cs_element_column _id=\"24\"][cs_text _order=\"0\" class=\"cs-ta-left\"]<h2>Didgeridoo en bois<\/h2>\r\nFabriqu\u00e9 en Bretagne avec du bois local.[\/cs_text][x_button size=\"global\" block=\"false\" circle=\"false\" icon_only=\"false\" href=\"https:\/\/www.kanarchoad.com\/fr\/instruments\/didgeridoo\/\" title=\"\" target=\"\" info=\"none\" info_place=\"top\" info_trigger=\"hover\" info_content=\"\"]D\u00e9couvrir les didgeridoos en bois[\/x_button][\/cs_element_column][\/cs_element_row][cs_element_row _id=\"31\"][cs_element_column _id=\"32\"][x_image type=\"none\" src=\"https:\/\/www.kanarchoad.com\/wp-content\/uploads\/2018\/04\/pic-kromm.png\" alt=\"\" link=\"false\" href=\"#\" title=\"\" target=\"\" info=\"none\" info_place=\"top\" info_trigger=\"hover\" info_content=\"\"][\/cs_element_column][cs_element_column _id=\"34\"][cs_text _order=\"0\"]<h2>Kromm Boud<\/h2>\r\nLes KROMM BOUD sont des didgeridoos haut de gamme con\u00e7us pour jouer debout sur sc\u00e8ne ou en busking. La forme rend le portage confortable, procure au musicien une grande mobilit\u00e9 et une belle esth\u00e9tique sc\u00e9nique.[\/cs_text][x_button size=\"global\" block=\"false\" circle=\"false\" icon_only=\"false\" href=\"https:\/\/www.kanarchoad.com\/fr\/instruments\/krommboud\/\" title=\"\" target=\"\" info=\"none\" info_place=\"top\" info_trigger=\"hover\" info_content=\"\"]D\u00e9couvrir les Kromm Boud[\/x_button][\/cs_element_column][\/cs_element_row][cs_element_row _id=\"41\"][cs_element_column _id=\"42\"][x_image type=\"none\" src=\"https:\/\/www.kanarchoad.com\/wp-content\/uploads\/2018\/04\/pic-korn.png\" alt=\"\" link=\"false\" href=\"#\" title=\"\" target=\"\" info=\"none\" info_place=\"top\" info_trigger=\"hover\" info_content=\"\"][\/cs_element_column][cs_element_column _id=\"44\"][cs_text _order=\"0\" class=\"cs-ta-left\"]<h2>Korn bass<\/h2>\r\nLe KORN BASS (didgeridoo chromatique \u00e0 coulisse) ouvre des perspectives musicales novatrices uniques \u00e0 la crois\u00e9e du didgeridoo et du trombone \u00e0 coulisse.\r\n[\/cs_text][x_button size=\"global\" block=\"false\" circle=\"false\" icon_only=\"false\" href=\"https:\/\/www.kanarchoad.com\/fr\/instruments\/korn-bass\/\" title=\"\" target=\"\" info=\"none\" info_place=\"top\" info_trigger=\"hover\" info_content=\"\"]D\u00e9couvrir le Korn Bass[\/x_button][\/cs_element_column][\/cs_element_row][\/cs_element_section][cs_element_section _id=\"51\"][cs_element_row _id=\"52\"][cs_element_column _id=\"53\"][x_image type=\"circle\" src=\"https:\/\/www.kanarchoad.com\/wp-content\/uploads\/2018\/04\/david-defois.jpg\" alt=\"\" link=\"false\" href=\"#\" title=\"\" target=\"\" info=\"none\" info_place=\"top\" info_trigger=\"hover\" info_content=\"\" style=\"max-width:250px;\"][cs_text _order=\"0\" class=\"cs-ta-center\"]<h2>Pr\u00e9sentation<\/h2><p>Bienvenue sur le site de David Defois - Facteur de Didgeridoo, Kromm Boud et Korn Bass. <\/br>D\u00e9couvrez mes cr\u00e9ations au fil des pages et que le chant du bois vous porte et vous transporte.<\/p>[\/cs_text][\/cs_element_column][\/cs_element_row][\/cs_element_section][\/cs_content]","_et_gb_content_width":"","_monsterinsights_skip_tracking":false,"_monsterinsights_sitenote_active":false,"_monsterinsights_sitenote_note":"","_monsterinsights_sitenote_category":0,"footnotes":""},"class_list":["post-5","page","type-page","status-publish","has-post-thumbnail","hentry"],"yoast_head":"<!-- This site is optimized with the Yoast SEO plugin v27.3 - https:\/\/yoast.com\/product\/yoast-seo-wordpress\/ -->\n<title>KAN AR C&#039;HOAD - Facteur de Didgeridoo<\/title>\n<meta name=\"description\" content=\"Kan Ar C&#039;hoad - David Defois - Facteur de Didgeridoo, Kromm Boud et Korn Bass. D\u00e9couvrez mes didgeridoo pour d\u00e9butants (en bambou) et joueurs avanc\u00e9s (bois tourn\u00e9) et professionnel avec le KORN BASS (didgeridoo chromatique \u00e0 coulisse)\" \/>\n<meta name=\"robots\" content=\"index, follow, max-snippet:-1, max-image-preview:large, max-video-preview:-1\" \/>\n<link rel=\"canonical\" href=\"https:\/\/www.kanarchoad.com\/fr\/\" \/>\n<meta property=\"og:locale\" content=\"fr_FR\" \/>\n<meta property=\"og:type\" content=\"article\" \/>\n<meta property=\"og:title\" content=\"KAN AR C&#039;HOAD - Facteur de Didgeridoo\" \/>\n<meta property=\"og:description\" content=\"Kan Ar C&#039;hoad - David Defois - Facteur de Didgeridoo, Kromm Boud et Korn Bass. D\u00e9couvrez mes didgeridoo pour d\u00e9butants (en bambou) et joueurs avanc\u00e9s (bois tourn\u00e9) et professionnel avec le KORN BASS (didgeridoo chromatique \u00e0 coulisse)\" \/>\n<meta property=\"og:url\" content=\"https:\/\/www.kanarchoad.com\/fr\/\" \/>\n<meta property=\"og:site_name\" content=\"KAN AR C&#039;HOAD\" \/>\n<meta property=\"article:publisher\" content=\"https:\/\/www.facebook.com\/Kan-ar-choad-199432683959952\/\" \/>\n<meta property=\"article:modified_time\" content=\"2021-12-16T12:59:12+00:00\" \/>\n<meta property=\"og:image\" content=\"https:\/\/www.kanarchoad.com\/wp-content\/uploads\/2016\/04\/Kanarchoad_facebook.jpg\" \/>\n\t<meta property=\"og:image:width\" content=\"851\" \/>\n\t<meta property=\"og:image:height\" content=\"315\" \/>\n\t<meta property=\"og:image:type\" content=\"image\/jpeg\" \/>\n<meta name=\"twitter:card\" content=\"summary_large_image\" \/>\n<meta name=\"twitter:label1\" content=\"Dur\u00e9e de lecture estim\u00e9e\" \/>\n\t<meta name=\"twitter:data1\" content=\"5 minutes\" \/>\n<script type=\"application\/ld+json\" class=\"yoast-schema-graph\">{\"@context\":\"https:\\\/\\\/schema.org\",\"@graph\":[{\"@type\":\"WebPage\",\"@id\":\"https:\\\/\\\/www.kanarchoad.com\\\/fr\\\/\",\"url\":\"https:\\\/\\\/www.kanarchoad.com\\\/fr\\\/\",\"name\":\"KAN AR C&#039;HOAD - Facteur de Didgeridoo\",\"isPartOf\":{\"@id\":\"https:\\\/\\\/www.kanarchoad.com\\\/fr\\\/#website\"},\"primaryImageOfPage\":{\"@id\":\"https:\\\/\\\/www.kanarchoad.com\\\/fr\\\/#primaryimage\"},\"image\":{\"@id\":\"https:\\\/\\\/www.kanarchoad.com\\\/fr\\\/#primaryimage\"},\"thumbnailUrl\":\"https:\\\/\\\/www.kanarchoad.com\\\/wp-content\\\/uploads\\\/2016\\\/04\\\/Kanarchoad_facebook.jpg\",\"datePublished\":\"2016-04-09T06:48:45+00:00\",\"dateModified\":\"2021-12-16T12:59:12+00:00\",\"description\":\"Kan Ar C'hoad - David Defois - Facteur de Didgeridoo, Kromm Boud et Korn Bass. D\u00e9couvrez mes didgeridoo pour d\u00e9butants (en bambou) et joueurs avanc\u00e9s (bois tourn\u00e9) et professionnel avec le KORN BASS (didgeridoo chromatique \u00e0 coulisse)\",\"breadcrumb\":{\"@id\":\"https:\\\/\\\/www.kanarchoad.com\\\/fr\\\/#breadcrumb\"},\"inLanguage\":\"fr-FR\",\"potentialAction\":[{\"@type\":\"ReadAction\",\"target\":[\"https:\\\/\\\/www.kanarchoad.com\\\/fr\\\/\"]}]},{\"@type\":\"ImageObject\",\"inLanguage\":\"fr-FR\",\"@id\":\"https:\\\/\\\/www.kanarchoad.com\\\/fr\\\/#primaryimage\",\"url\":\"https:\\\/\\\/www.kanarchoad.com\\\/wp-content\\\/uploads\\\/2016\\\/04\\\/Kanarchoad_facebook.jpg\",\"contentUrl\":\"https:\\\/\\\/www.kanarchoad.com\\\/wp-content\\\/uploads\\\/2016\\\/04\\\/Kanarchoad_facebook.jpg\",\"width\":851,\"height\":315},{\"@type\":\"BreadcrumbList\",\"@id\":\"https:\\\/\\\/www.kanarchoad.com\\\/fr\\\/#breadcrumb\",\"itemListElement\":[{\"@type\":\"ListItem\",\"position\":1,\"name\":\"Accueil\",\"item\":\"https:\\\/\\\/www.kanarchoad.com\\\/fr\\\/\"},{\"@type\":\"ListItem\",\"position\":2,\"name\":\"Accueil\"}]},{\"@type\":\"WebSite\",\"@id\":\"https:\\\/\\\/www.kanarchoad.com\\\/fr\\\/#website\",\"url\":\"https:\\\/\\\/www.kanarchoad.com\\\/fr\\\/\",\"name\":\"KAN AR C&#039;HOAD\",\"description\":\"Facteur de Didgeridoo\",\"potentialAction\":[{\"@type\":\"SearchAction\",\"target\":{\"@type\":\"EntryPoint\",\"urlTemplate\":\"https:\\\/\\\/www.kanarchoad.com\\\/fr\\\/?s={search_term_string}\"},\"query-input\":{\"@type\":\"PropertyValueSpecification\",\"valueRequired\":true,\"valueName\":\"search_term_string\"}}],\"inLanguage\":\"fr-FR\"}]}<\/script>\n<!-- \/ Yoast SEO plugin. -->","yoast_head_json":{"title":"KAN AR C&#039;HOAD - Facteur de Didgeridoo","description":"Kan Ar C'hoad - David Defois - Facteur de Didgeridoo, Kromm Boud et Korn Bass. D\u00e9couvrez mes didgeridoo pour d\u00e9butants (en bambou) et joueurs avanc\u00e9s (bois tourn\u00e9) et professionnel avec le KORN BASS (didgeridoo chromatique \u00e0 coulisse)","robots":{"index":"index","follow":"follow","max-snippet":"max-snippet:-1","max-image-preview":"max-image-preview:large","max-video-preview":"max-video-preview:-1"},"canonical":"https:\/\/www.kanarchoad.com\/fr\/","og_locale":"fr_FR","og_type":"article","og_title":"KAN AR C&#039;HOAD - Facteur de Didgeridoo","og_description":"Kan Ar C'hoad - David Defois - Facteur de Didgeridoo, Kromm Boud et Korn Bass. D\u00e9couvrez mes didgeridoo pour d\u00e9butants (en bambou) et joueurs avanc\u00e9s (bois tourn\u00e9) et professionnel avec le KORN BASS (didgeridoo chromatique \u00e0 coulisse)","og_url":"https:\/\/www.kanarchoad.com\/fr\/","og_site_name":"KAN AR C&#039;HOAD","article_publisher":"https:\/\/www.facebook.com\/Kan-ar-choad-199432683959952\/","article_modified_time":"2021-12-16T12:59:12+00:00","og_image":[{"width":851,"height":315,"url":"https:\/\/www.kanarchoad.com\/wp-content\/uploads\/2016\/04\/Kanarchoad_facebook.jpg","type":"image\/jpeg"}],"twitter_card":"summary_large_image","twitter_misc":{"Dur\u00e9e de lecture estim\u00e9e":"5 minutes"},"schema":{"@context":"https:\/\/schema.org","@graph":[{"@type":"WebPage","@id":"https:\/\/www.kanarchoad.com\/fr\/","url":"https:\/\/www.kanarchoad.com\/fr\/","name":"KAN AR C&#039;HOAD - Facteur de Didgeridoo","isPartOf":{"@id":"https:\/\/www.kanarchoad.com\/fr\/#website"},"primaryImageOfPage":{"@id":"https:\/\/www.kanarchoad.com\/fr\/#primaryimage"},"image":{"@id":"https:\/\/www.kanarchoad.com\/fr\/#primaryimage"},"thumbnailUrl":"https:\/\/www.kanarchoad.com\/wp-content\/uploads\/2016\/04\/Kanarchoad_facebook.jpg","datePublished":"2016-04-09T06:48:45+00:00","dateModified":"2021-12-16T12:59:12+00:00","description":"Kan Ar C'hoad - David Defois - Facteur de Didgeridoo, Kromm Boud et Korn Bass. D\u00e9couvrez mes didgeridoo pour d\u00e9butants (en bambou) et joueurs avanc\u00e9s (bois tourn\u00e9) et professionnel avec le KORN BASS (didgeridoo chromatique \u00e0 coulisse)","breadcrumb":{"@id":"https:\/\/www.kanarchoad.com\/fr\/#breadcrumb"},"inLanguage":"fr-FR","potentialAction":[{"@type":"ReadAction","target":["https:\/\/www.kanarchoad.com\/fr\/"]}]},{"@type":"ImageObject","inLanguage":"fr-FR","@id":"https:\/\/www.kanarchoad.com\/fr\/#primaryimage","url":"https:\/\/www.kanarchoad.com\/wp-content\/uploads\/2016\/04\/Kanarchoad_facebook.jpg","contentUrl":"https:\/\/www.kanarchoad.com\/wp-content\/uploads\/2016\/04\/Kanarchoad_facebook.jpg","width":851,"height":315},{"@type":"BreadcrumbList","@id":"https:\/\/www.kanarchoad.com\/fr\/#breadcrumb","itemListElement":[{"@type":"ListItem","position":1,"name":"Accueil","item":"https:\/\/www.kanarchoad.com\/fr\/"},{"@type":"ListItem","position":2,"name":"Accueil"}]},{"@type":"WebSite","@id":"https:\/\/www.kanarchoad.com\/fr\/#website","url":"https:\/\/www.kanarchoad.com\/fr\/","name":"KAN AR C&#039;HOAD","description":"Facteur de Didgeridoo","potentialAction":[{"@type":"SearchAction","target":{"@type":"EntryPoint","urlTemplate":"https:\/\/www.kanarchoad.com\/fr\/?s={search_term_string}"},"query-input":{"@type":"PropertyValueSpecification","valueRequired":true,"valueName":"search_term_string"}}],"inLanguage":"fr-FR"}]}},"_links":{"self":[{"href":"https:\/\/www.kanarchoad.com\/fr\/wp-json\/wp\/v2\/pages\/5","targetHints":{"allow":["GET"]}}],"collection":[{"href":"https:\/\/www.kanarchoad.com\/fr\/wp-json\/wp\/v2\/pages"}],"about":[{"href":"https:\/\/www.kanarchoad.com\/fr\/wp-json\/wp\/v2\/types\/page"}],"author":[{"embeddable":true,"href":"https:\/\/www.kanarchoad.com\/fr\/wp-json\/wp\/v2\/users\/1"}],"replies":[{"embeddable":true,"href":"https:\/\/www.kanarchoad.com\/fr\/wp-json\/wp\/v2\/comments?post=5"}],"version-history":[{"count":3,"href":"https:\/\/www.kanarchoad.com\/fr\/wp-json\/wp\/v2\/pages\/5\/revisions"}],"predecessor-version":[{"id":12663,"href":"https:\/\/www.kanarchoad.com\/fr\/wp-json\/wp\/v2\/pages\/5\/revisions\/12663"}],"wp:featuredmedia":[{"embeddable":true,"href":"https:\/\/www.kanarchoad.com\/fr\/wp-json\/wp\/v2\/media\/627"}],"wp:attachment":[{"href":"https:\/\/www.kanarchoad.com\/fr\/wp-json\/wp\/v2\/media?parent=5"}],"curies":[{"name":"wp","href":"https:\/\/api.w.org\/{rel}","templated":true}]}}