{"id":360,"date":"2017-07-14T13:13:03","date_gmt":"2017-07-14T12:13:03","guid":{"rendered":"https:\/\/www.kanarchoad.com\/?page_id=360"},"modified":"2020-11-17T19:57:24","modified_gmt":"2020-11-17T18:57:24","slug":"choisir-son-didgeridoo","status":"publish","type":"page","link":"https:\/\/www.kanarchoad.com\/fr\/instruments\/choisir-son-didgeridoo\/","title":{"rendered":"Comment choisir son didgeridoo"},"content":{"rendered":"<p>[et_pb_section fb_built=\u00a0\u00bb1&Prime; admin_label=\u00a0\u00bbsection\u00a0\u00bb _builder_version=\u00a0\u00bb3.22&Prime;][et_pb_row admin_label=\u00a0\u00bbrow\u00a0\u00bb _builder_version=\u00a0\u00bb3.25&Prime; background_size=\u00a0\u00bbinitial\u00a0\u00bb background_position=\u00a0\u00bbtop_left\u00a0\u00bb background_repeat=\u00a0\u00bbrepeat\u00a0\u00bb][et_pb_column type=\u00a0\u00bb4_4&Prime; _builder_version=\u00a0\u00bb3.25&Prime; custom_padding=\u00a0\u00bb|||\u00a0\u00bb custom_padding__hover=\u00a0\u00bb|||\u00a0\u00bb][et_pb_text admin_label=\u00a0\u00bbText\u00a0\u00bb _builder_version=\u00a0\u00bb3.27.4&Prime; background_size=\u00a0\u00bbinitial\u00a0\u00bb background_position=\u00a0\u00bbtop_left\u00a0\u00bb background_repeat=\u00a0\u00bbrepeat\u00a0\u00bb]<\/p>\n<h3>QUALITE DU TIMBRE<\/h3>\n<p>&nbsp;<\/p>\n<table class=\"table-responsive\">\n<thead>\n<tr>\n<td>Mod\u00e8le<\/td>\n<td>Harmonique<\/td>\n<td>Rondeur<\/td>\n<td>Clart\u00e9<\/td>\n<td>Puissance<\/td>\n<td>Basse<\/td>\n<\/tr>\n<\/thead>\n<tbody>\n<tr>\n<td>Quarte Octave<\/td>\n<td>++<\/td>\n<td>+<\/td>\n<td>+<\/td>\n<td><\/td>\n<td><\/td>\n<\/tr>\n<tr>\n<td>Tierce Octave<\/td>\n<td>++<\/td>\n<td>+<\/td>\n<td>+<\/td>\n<td>+<\/td>\n<td>+<\/td>\n<\/tr>\n<tr>\n<td>Seconde<\/td>\n<td>++<\/td>\n<td>+<\/td>\n<td>+<\/td>\n<td>+<\/td>\n<td>+<\/td>\n<\/tr>\n<tr>\n<td>Octave<\/td>\n<td>+<\/td>\n<td><\/td>\n<td><\/td>\n<td>++<\/td>\n<td>++<\/td>\n<\/tr>\n<tr>\n<td>Octave Quinte<\/td>\n<td><\/td>\n<td><\/td>\n<td><\/td>\n<td>++<\/td>\n<td>++<\/td>\n<\/tr>\n<tr>\n<td>Double Octave<\/td>\n<td>++<\/td>\n<td><\/td>\n<td>++<\/td>\n<td>++<\/td>\n<td>+<\/td>\n<\/tr>\n<\/tbody>\n<\/table>\n<p>&nbsp;<\/p>\n<h3>DYNAMIQUE DE JEU<\/h3>\n<p>&nbsp;<\/p>\n<table class=\"table-responsive\">\n<thead>\n<tr>\n<td>Mod\u00e8le<\/td>\n<td>M\u00e9ditatif<\/td>\n<td>Rythmique<\/td>\n<td>Fluidit\u00e9<\/td>\n<td>Pression<\/td>\n<td>R\u00e9sonance<\/td>\n<td>Projection<\/td>\n<\/tr>\n<\/thead>\n<tbody>\n<tr>\n<td>Quarte Octave<\/td>\n<td>+<\/td>\n<td><\/td>\n<td>+<\/td>\n<td><\/td>\n<td>+<\/td>\n<td><\/td>\n<\/tr>\n<tr>\n<td>Tierce Octave<\/td>\n<td>+<\/td>\n<td>+<\/td>\n<td>++<\/td>\n<td><\/td>\n<td>+<\/td>\n<td><\/td>\n<\/tr>\n<tr>\n<td>Seconde<\/td>\n<td>+<\/td>\n<td>+<\/td>\n<td>++<\/td>\n<td><\/td>\n<td>+<\/td>\n<td><\/td>\n<\/tr>\n<tr>\n<td>Octave<\/td>\n<td><\/td>\n<td>++<\/td>\n<td><\/td>\n<td>+<\/td>\n<td><\/td>\n<td>+<\/td>\n<\/tr>\n<tr>\n<td>Octave Quinte<\/td>\n<td><\/td>\n<td>++<\/td>\n<td><\/td>\n<td>+<\/td>\n<td><\/td>\n<td>+<\/td>\n<\/tr>\n<tr>\n<td>Double Octave<\/td>\n<td>+<\/td>\n<td>++<\/td>\n<td><\/td>\n<td>++<\/td>\n<td><\/td>\n<td>+<\/td>\n<\/tr>\n<\/tbody>\n<\/table>\n<p>&nbsp;<\/p>\n<h3>FORME DE LA PERCE<\/h3>\n<p>&nbsp;<\/p>\n<table class=\"table-responsive\">\n<thead>\n<tr>\n<td><\/td>\n<td>Quarte Octave<\/td>\n<td>Tierce Octave<\/td>\n<td>Seconde<\/td>\n<td>Octave<\/td>\n<td>Octave Quinte<\/td>\n<td>Double Octave<\/td>\n<\/tr>\n<\/thead>\n<tbody>\n<tr>\n<td>Forme de la perce<\/td>\n<td>Quasi Cylindrique<\/td>\n<td>L\u00e9g\u00e8rement Conique<\/td>\n<td>L\u00e9g\u00e8rement Conique<\/td>\n<td>Cylindro-conique<\/td>\n<td>Cylindro-conique<\/td>\n<td>Boule de r\u00e9sonance<\/td>\n<\/tr>\n<\/tbody>\n<\/table>\n<p>&nbsp;<\/p>\n<h3>DIAMETRE DE LA COLONNE D\u2019AIR APRES L\u2019EMBOUCHURE<\/h3>\n<p>&nbsp;<\/p>\n<table class=\"table-responsive\">\n<thead>\n<tr>\n<td><\/td>\n<td>Harmoniques<\/td>\n<td>Pr\u00e9cision<\/td>\n<td>Rondeur<\/td>\n<td>R\u00e9sonance<\/td>\n<td>Pression<\/td>\n<\/tr>\n<\/thead>\n<tbody>\n<tr>\n<td>&lt; 36 mm<\/td>\n<td><\/td>\n<td>++<\/td>\n<td><\/td>\n<td><\/td>\n<td>++<\/td>\n<\/tr>\n<tr>\n<td>36 \u2013 45 mm<\/td>\n<td>+<\/td>\n<td>+<\/td>\n<td>+<\/td>\n<td>+<\/td>\n<td>+<\/td>\n<\/tr>\n<tr>\n<td>&gt; 45 mm<\/td>\n<td>++<\/td>\n<td><\/td>\n<td>++<\/td>\n<td>++<\/td>\n<td><\/td>\n<\/tr>\n<\/tbody>\n<\/table>\n<p><a class=\"retour btn btn-primary\" href=\"https:\/\/www.kanarchoad.com\/fr\/instruments\/didgeridoo\/\">< Retour \u00e0 la fiche du Didgeridoo<\/a>[\/et_pb_text][\/et_pb_column][\/et_pb_row][\/et_pb_section]<\/p>\n","protected":false},"excerpt":{"rendered":"<p>QUALITE DU TIMBRE &nbsp; Mod\u00e8le Harmonique Rondeur Clart\u00e9 Puissance Basse Quarte Octave ++ + + Tierce Octave ++ + + + + Seconde ++ + + + + Octave + ++ ++ Octave Quinte ++ ++ Double Octave ++ ++ ++ + &nbsp; DYNAMIQUE DE JEU &nbsp; Mod\u00e8le M\u00e9ditatif Rythmique Fluidit\u00e9 Pression R\u00e9sonance Projection Quarte [&hellip;]<\/p>\n","protected":false},"author":1,"featured_media":0,"parent":7,"menu_order":0,"comment_status":"closed","ping_status":"closed","template":"","meta":{"_et_pb_use_builder":"on","_et_pb_old_content":"<h3>QUALITE DU TIMBRE<\/h3>\r\n&nbsp;\r\n<table class=\"table-responsive\">\r\n<thead>\r\n<tr>\r\n<td>Mod\u00e8le<\/td>\r\n<td>Harmonique<\/td>\r\n<td>Rondeur<\/td>\r\n<td>Clart\u00e9<\/td>\r\n<td>Puissance<\/td>\r\n<td>Basse<\/td>\r\n<\/tr>\r\n<\/thead>\r\n<tbody>\r\n<tr>\r\n<td>Quarte Octave<\/td>\r\n<td>++<\/td>\r\n<td>+<\/td>\r\n<td>+<\/td>\r\n<td><\/td>\r\n<td><\/td>\r\n<\/tr>\r\n<tr>\r\n<td>Tierce Octave<\/td>\r\n<td>++<\/td>\r\n<td>+<\/td>\r\n<td>+<\/td>\r\n<td>+<\/td>\r\n<td>+<\/td>\r\n<\/tr>\r\n<tr>\r\n<td>Seconde<\/td>\r\n<td>++<\/td>\r\n<td>+<\/td>\r\n<td>+<\/td>\r\n<td>+<\/td>\r\n<td>+<\/td>\r\n<\/tr>\r\n<tr>\r\n<td>Octave<\/td>\r\n<td>+<\/td>\r\n<td><\/td>\r\n<td><\/td>\r\n<td>++<\/td>\r\n<td>++<\/td>\r\n<\/tr>\r\n<tr>\r\n<td>Octave Quinte<\/td>\r\n<td><\/td>\r\n<td><\/td>\r\n<td><\/td>\r\n<td>++<\/td>\r\n<td>++<\/td>\r\n<\/tr>\r\n<tr>\r\n<td>Double Octave<\/td>\r\n<td>++<\/td>\r\n<td><\/td>\r\n<td>++<\/td>\r\n<td>++<\/td>\r\n<td>+<\/td>\r\n<\/tr>\r\n<\/tbody>\r\n<\/table>\r\n&nbsp;\r\n<h3>DYNAMIQUE DE JEU<\/h3>\r\n&nbsp;\r\n<table class=\"table-responsive\">\r\n<thead>\r\n<tr>\r\n<td>Mod\u00e8le<\/td>\r\n<td>M\u00e9ditatif<\/td>\r\n<td>Rythmique<\/td>\r\n<td>Fluidit\u00e9<\/td>\r\n<td>Pression<\/td>\r\n<td>R\u00e9sonance<\/td>\r\n<td>Projection<\/td>\r\n<\/tr>\r\n<\/thead>\r\n<tbody>\r\n<tr>\r\n<td>Quarte Octave<\/td>\r\n<td>+<\/td>\r\n<td><\/td>\r\n<td>+<\/td>\r\n<td><\/td>\r\n<td>+<\/td>\r\n<td><\/td>\r\n<\/tr>\r\n<tr>\r\n<td>Tierce Octave<\/td>\r\n<td>+<\/td>\r\n<td>+<\/td>\r\n<td>++<\/td>\r\n<td><\/td>\r\n<td>+<\/td>\r\n<td><\/td>\r\n<\/tr>\r\n<tr>\r\n<td>Seconde<\/td>\r\n<td>+<\/td>\r\n<td>+<\/td>\r\n<td>++<\/td>\r\n<td><\/td>\r\n<td>+<\/td>\r\n<td><\/td>\r\n<\/tr>\r\n<tr>\r\n<td>Octave<\/td>\r\n<td><\/td>\r\n<td>++<\/td>\r\n<td><\/td>\r\n<td>+<\/td>\r\n<td><\/td>\r\n<td>+<\/td>\r\n<\/tr>\r\n<tr>\r\n<td>Octave Quinte<\/td>\r\n<td><\/td>\r\n<td>++<\/td>\r\n<td><\/td>\r\n<td>+<\/td>\r\n<td><\/td>\r\n<td>+<\/td>\r\n<\/tr>\r\n<tr>\r\n<td>Double Octave<\/td>\r\n<td>+<\/td>\r\n<td>++<\/td>\r\n<td><\/td>\r\n<td>++<\/td>\r\n<td><\/td>\r\n<td>+<\/td>\r\n<\/tr>\r\n<\/tbody>\r\n<\/table>\r\n&nbsp;\r\n<h3>FORME DE LA PERCE<\/h3>\r\n&nbsp;\r\n<table class=\"table-responsive\">\r\n<thead>\r\n<tr>\r\n<td><\/td>\r\n<td>Quarte Octave<\/td>\r\n<td>Tierce Octave<\/td>\r\n<td>Seconde<\/td>\r\n<td>Octave<\/td>\r\n<td>Octave Quinte<\/td>\r\n<td>Double Octave<\/td>\r\n<\/tr>\r\n<\/thead>\r\n<tbody>\r\n<tr>\r\n<td>Forme de la perce<\/td>\r\n<td>Quasi Cylindrique<\/td>\r\n<td>L\u00e9g\u00e8rement Conique<\/td>\r\n<td>L\u00e9g\u00e8rement Conique<\/td>\r\n<td>Cylindro-conique<\/td>\r\n<td>Cylindro-conique<\/td>\r\n<td>Boule de r\u00e9sonance<\/td>\r\n<\/tr>\r\n<\/tbody>\r\n<\/table>\r\n&nbsp;\r\n<h3>DIAMETRE DE LA COLONNE D\u2019AIR APRES L\u2019EMBOUCHURE<\/h3>\r\n&nbsp;\r\n<table class=\"table-responsive\">\r\n<thead>\r\n<tr>\r\n<td><\/td>\r\n<td>Harmoniques<\/td>\r\n<td>Pr\u00e9cision<\/td>\r\n<td>Rondeur<\/td>\r\n<td>R\u00e9sonance<\/td>\r\n<td>Pression<\/td>\r\n<\/tr>\r\n<\/thead>\r\n<tbody>\r\n<tr>\r\n<td>&lt; 36 mm<\/td>\r\n<td><\/td>\r\n<td>++<\/td>\r\n<td><\/td>\r\n<td><\/td>\r\n<td>++<\/td>\r\n<\/tr>\r\n<tr>\r\n<td>36 \u2013 45 mm<\/td>\r\n<td>+<\/td>\r\n<td>+<\/td>\r\n<td>+<\/td>\r\n<td>+<\/td>\r\n<td>+<\/td>\r\n<\/tr>\r\n<tr>\r\n<td>&gt; 45 mm<\/td>\r\n<td>++<\/td>\r\n<td><\/td>\r\n<td>++<\/td>\r\n<td>++<\/td>\r\n<td><\/td>\r\n<\/tr>\r\n<\/tbody>\r\n<\/table>\r\n\r\n<br><a class=\"retour btn btn-primary\" href=\"https:\/\/www.kanarchoad.com\/fr\/instruments\/didgeridoo\/\">< Retour \u00e0 la fiche du Didgeridoo<\/a>","_et_gb_content_width":"","_monsterinsights_skip_tracking":false,"_monsterinsights_sitenote_active":false,"_monsterinsights_sitenote_note":"","_monsterinsights_sitenote_category":0,"footnotes":""},"class_list":["post-360","page","type-page","status-publish","hentry"],"yoast_head":"<!-- This site is optimized with the Yoast SEO plugin v27.3 - https:\/\/yoast.com\/product\/yoast-seo-wordpress\/ -->\n<title>Comment choisir son didgeridoo - KAN AR C&#039;HOAD<\/title>\n<meta name=\"robots\" content=\"index, follow, max-snippet:-1, max-image-preview:large, max-video-preview:-1\" \/>\n<link rel=\"canonical\" href=\"https:\/\/www.kanarchoad.com\/fr\/instruments\/choisir-son-didgeridoo\/\" \/>\n<meta property=\"og:locale\" content=\"fr_FR\" \/>\n<meta property=\"og:type\" content=\"article\" \/>\n<meta property=\"og:title\" content=\"Comment choisir son didgeridoo - KAN AR C&#039;HOAD\" \/>\n<meta property=\"og:description\" content=\"QUALITE DU TIMBRE &nbsp; Mod\u00e8le Harmonique Rondeur Clart\u00e9 Puissance Basse Quarte Octave ++ + + Tierce Octave ++ + + + + Seconde ++ + + + + Octave + ++ ++ Octave Quinte ++ ++ Double Octave ++ ++ ++ + &nbsp; DYNAMIQUE DE JEU &nbsp; Mod\u00e8le M\u00e9ditatif Rythmique Fluidit\u00e9 Pression R\u00e9sonance Projection Quarte [&hellip;]\" \/>\n<meta property=\"og:url\" content=\"https:\/\/www.kanarchoad.com\/fr\/instruments\/choisir-son-didgeridoo\/\" \/>\n<meta property=\"og:site_name\" content=\"KAN AR C&#039;HOAD\" \/>\n<meta property=\"article:publisher\" content=\"https:\/\/www.facebook.com\/Kan-ar-choad-199432683959952\/\" \/>\n<meta property=\"article:modified_time\" content=\"2020-11-17T18:57:24+00:00\" \/>\n<meta property=\"og:image\" content=\"https:\/\/www.kanarchoad.com\/wp-content\/uploads\/2016\/04\/accueil.jpg\" \/>\n\t<meta property=\"og:image:width\" content=\"1000\" \/>\n\t<meta property=\"og:image:height\" content=\"667\" \/>\n\t<meta property=\"og:image:type\" content=\"image\/jpeg\" \/>\n<meta name=\"twitter:card\" content=\"summary_large_image\" \/>\n<meta name=\"twitter:label1\" content=\"Dur\u00e9e de lecture estim\u00e9e\" \/>\n\t<meta name=\"twitter:data1\" content=\"1 minute\" \/>\n<script type=\"application\/ld+json\" class=\"yoast-schema-graph\">{\"@context\":\"https:\\\/\\\/schema.org\",\"@graph\":[{\"@type\":\"WebPage\",\"@id\":\"https:\\\/\\\/www.kanarchoad.com\\\/fr\\\/instruments\\\/choisir-son-didgeridoo\\\/\",\"url\":\"https:\\\/\\\/www.kanarchoad.com\\\/fr\\\/instruments\\\/choisir-son-didgeridoo\\\/\",\"name\":\"Comment choisir son didgeridoo - KAN AR C&#039;HOAD\",\"isPartOf\":{\"@id\":\"https:\\\/\\\/www.kanarchoad.com\\\/fr\\\/#website\"},\"datePublished\":\"2017-07-14T12:13:03+00:00\",\"dateModified\":\"2020-11-17T18:57:24+00:00\",\"breadcrumb\":{\"@id\":\"https:\\\/\\\/www.kanarchoad.com\\\/fr\\\/instruments\\\/choisir-son-didgeridoo\\\/#breadcrumb\"},\"inLanguage\":\"fr-FR\",\"potentialAction\":[{\"@type\":\"ReadAction\",\"target\":[\"https:\\\/\\\/www.kanarchoad.com\\\/fr\\\/instruments\\\/choisir-son-didgeridoo\\\/\"]}]},{\"@type\":\"BreadcrumbList\",\"@id\":\"https:\\\/\\\/www.kanarchoad.com\\\/fr\\\/instruments\\\/choisir-son-didgeridoo\\\/#breadcrumb\",\"itemListElement\":[{\"@type\":\"ListItem\",\"position\":1,\"name\":\"Accueil\",\"item\":\"https:\\\/\\\/www.kanarchoad.com\\\/fr\\\/\"},{\"@type\":\"ListItem\",\"position\":2,\"name\":\"Instruments\",\"item\":\"https:\\\/\\\/www.kanarchoad.com\\\/fr\\\/instruments\\\/\"},{\"@type\":\"ListItem\",\"position\":3,\"name\":\"Comment choisir son didgeridoo\"}]},{\"@type\":\"WebSite\",\"@id\":\"https:\\\/\\\/www.kanarchoad.com\\\/fr\\\/#website\",\"url\":\"https:\\\/\\\/www.kanarchoad.com\\\/fr\\\/\",\"name\":\"KAN AR C&#039;HOAD\",\"description\":\"Facteur de Didgeridoo\",\"potentialAction\":[{\"@type\":\"SearchAction\",\"target\":{\"@type\":\"EntryPoint\",\"urlTemplate\":\"https:\\\/\\\/www.kanarchoad.com\\\/fr\\\/?s={search_term_string}\"},\"query-input\":{\"@type\":\"PropertyValueSpecification\",\"valueRequired\":true,\"valueName\":\"search_term_string\"}}],\"inLanguage\":\"fr-FR\"}]}<\/script>\n<!-- \/ Yoast SEO plugin. -->","yoast_head_json":{"title":"Comment choisir son didgeridoo - KAN AR C&#039;HOAD","robots":{"index":"index","follow":"follow","max-snippet":"max-snippet:-1","max-image-preview":"max-image-preview:large","max-video-preview":"max-video-preview:-1"},"canonical":"https:\/\/www.kanarchoad.com\/fr\/instruments\/choisir-son-didgeridoo\/","og_locale":"fr_FR","og_type":"article","og_title":"Comment choisir son didgeridoo - KAN AR C&#039;HOAD","og_description":"QUALITE DU TIMBRE &nbsp; Mod\u00e8le Harmonique Rondeur Clart\u00e9 Puissance Basse Quarte Octave ++ + + Tierce Octave ++ + + + + Seconde ++ + + + + Octave + ++ ++ Octave Quinte ++ ++ Double Octave ++ ++ ++ + &nbsp; DYNAMIQUE DE JEU &nbsp; Mod\u00e8le M\u00e9ditatif Rythmique Fluidit\u00e9 Pression R\u00e9sonance Projection Quarte [&hellip;]","og_url":"https:\/\/www.kanarchoad.com\/fr\/instruments\/choisir-son-didgeridoo\/","og_site_name":"KAN AR C&#039;HOAD","article_publisher":"https:\/\/www.facebook.com\/Kan-ar-choad-199432683959952\/","article_modified_time":"2020-11-17T18:57:24+00:00","og_image":[{"width":1000,"height":667,"url":"https:\/\/www.kanarchoad.com\/wp-content\/uploads\/2016\/04\/accueil.jpg","type":"image\/jpeg"}],"twitter_card":"summary_large_image","twitter_misc":{"Dur\u00e9e de lecture estim\u00e9e":"1 minute"},"schema":{"@context":"https:\/\/schema.org","@graph":[{"@type":"WebPage","@id":"https:\/\/www.kanarchoad.com\/fr\/instruments\/choisir-son-didgeridoo\/","url":"https:\/\/www.kanarchoad.com\/fr\/instruments\/choisir-son-didgeridoo\/","name":"Comment choisir son didgeridoo - KAN AR C&#039;HOAD","isPartOf":{"@id":"https:\/\/www.kanarchoad.com\/fr\/#website"},"datePublished":"2017-07-14T12:13:03+00:00","dateModified":"2020-11-17T18:57:24+00:00","breadcrumb":{"@id":"https:\/\/www.kanarchoad.com\/fr\/instruments\/choisir-son-didgeridoo\/#breadcrumb"},"inLanguage":"fr-FR","potentialAction":[{"@type":"ReadAction","target":["https:\/\/www.kanarchoad.com\/fr\/instruments\/choisir-son-didgeridoo\/"]}]},{"@type":"BreadcrumbList","@id":"https:\/\/www.kanarchoad.com\/fr\/instruments\/choisir-son-didgeridoo\/#breadcrumb","itemListElement":[{"@type":"ListItem","position":1,"name":"Accueil","item":"https:\/\/www.kanarchoad.com\/fr\/"},{"@type":"ListItem","position":2,"name":"Instruments","item":"https:\/\/www.kanarchoad.com\/fr\/instruments\/"},{"@type":"ListItem","position":3,"name":"Comment choisir son didgeridoo"}]},{"@type":"WebSite","@id":"https:\/\/www.kanarchoad.com\/fr\/#website","url":"https:\/\/www.kanarchoad.com\/fr\/","name":"KAN AR C&#039;HOAD","description":"Facteur de Didgeridoo","potentialAction":[{"@type":"SearchAction","target":{"@type":"EntryPoint","urlTemplate":"https:\/\/www.kanarchoad.com\/fr\/?s={search_term_string}"},"query-input":{"@type":"PropertyValueSpecification","valueRequired":true,"valueName":"search_term_string"}}],"inLanguage":"fr-FR"}]}},"_links":{"self":[{"href":"https:\/\/www.kanarchoad.com\/fr\/wp-json\/wp\/v2\/pages\/360","targetHints":{"allow":["GET"]}}],"collection":[{"href":"https:\/\/www.kanarchoad.com\/fr\/wp-json\/wp\/v2\/pages"}],"about":[{"href":"https:\/\/www.kanarchoad.com\/fr\/wp-json\/wp\/v2\/types\/page"}],"author":[{"embeddable":true,"href":"https:\/\/www.kanarchoad.com\/fr\/wp-json\/wp\/v2\/users\/1"}],"replies":[{"embeddable":true,"href":"https:\/\/www.kanarchoad.com\/fr\/wp-json\/wp\/v2\/comments?post=360"}],"version-history":[{"count":2,"href":"https:\/\/www.kanarchoad.com\/fr\/wp-json\/wp\/v2\/pages\/360\/revisions"}],"predecessor-version":[{"id":12211,"href":"https:\/\/www.kanarchoad.com\/fr\/wp-json\/wp\/v2\/pages\/360\/revisions\/12211"}],"up":[{"embeddable":true,"href":"https:\/\/www.kanarchoad.com\/fr\/wp-json\/wp\/v2\/pages\/7"}],"wp:attachment":[{"href":"https:\/\/www.kanarchoad.com\/fr\/wp-json\/wp\/v2\/media?parent=360"}],"curies":[{"name":"wp","href":"https:\/\/api.w.org\/{rel}","templated":true}]}}