{"id":35,"date":"2016-04-10T17:59:16","date_gmt":"2016-04-10T16:59:16","guid":{"rendered":"https:\/\/www.kanarchoad.com\/?page_id=35"},"modified":"2022-07-15T14:57:58","modified_gmt":"2022-07-15T13:57:58","slug":"korn-bass","status":"publish","type":"page","link":"https:\/\/www.kanarchoad.com\/fr\/instruments\/korn-bass\/","title":{"rendered":"Korn Bass"},"content":{"rendered":"<p>[et_pb_section fb_built=\u00a0\u00bb1&Prime; _builder_version=\u00a0\u00bb4.16&Prime; _module_preset=\u00a0\u00bbdefault\u00a0\u00bb background_image=\u00a0\u00bbhttps:\/\/www.kanarchoad.com\/wp-content\/uploads\/2020\/11\/fond-korn.jpg\u00a0\u00bb background_position=\u00a0\u00bbtop_center\u00a0\u00bb global_colors_info=\u00a0\u00bb{}\u00a0\u00bb][et_pb_row column_structure=\u00a0\u00bb1_4,3_4&Prime; make_equal=\u00a0\u00bbon\u00a0\u00bb _builder_version=\u00a0\u00bb4.16&Prime; _module_preset=\u00a0\u00bbdefault\u00a0\u00bb background_color=\u00a0\u00bbrgba(255,255,255,0.8)\u00a0\u00bb custom_padding=\u00a0\u00bb5vh|5vw|5vh|5vw|true|true\u00a0\u00bb global_colors_info=\u00a0\u00bb{}\u00a0\u00bb][et_pb_column type=\u00a0\u00bb1_4&Prime; module_class=\u00a0\u00bbvertical-align\u00a0\u00bb _builder_version=\u00a0\u00bb4.16&Prime; _module_preset=\u00a0\u00bbdefault\u00a0\u00bb global_colors_info=\u00a0\u00bb{}\u00a0\u00bb][et_pb_image src=\u00a0\u00bbhttps:\/\/www.kanarchoad.com\/wp-content\/uploads\/2020\/11\/pic-korn-1.png\u00a0\u00bb title_text=\u00a0\u00bbpic-korn-1&Prime; align=\u00a0\u00bbcenter\u00a0\u00bb align_tablet=\u00a0\u00bbleft\u00a0\u00bb align_phone=\u00a0\u00bb\u00a0\u00bb align_last_edited=\u00a0\u00bbon|tablet\u00a0\u00bb _builder_version=\u00a0\u00bb4.16&Prime; _module_preset=\u00a0\u00bbdefault\u00a0\u00bb global_colors_info=\u00a0\u00bb{}\u00a0\u00bb][\/et_pb_image][\/et_pb_column][et_pb_column type=\u00a0\u00bb3_4&Prime; _builder_version=\u00a0\u00bb4.16&Prime; _module_preset=\u00a0\u00bbdefault\u00a0\u00bb global_colors_info=\u00a0\u00bb{}\u00a0\u00bb][et_pb_text _builder_version=\u00a0\u00bb4.16&Prime; _module_preset=\u00a0\u00bbdefault\u00a0\u00bb global_colors_info=\u00a0\u00bb{}\u00a0\u00bb]<\/p>\n<h1>KORN BASS<\/h1>\n<p>Le KORN BASS (didgeridoo chromatique \u00e0 coulisse) ouvre des perspectives musicales novatrices uniques \u00e0 la crois\u00e9e du didgeridoo et du trombone \u00e0 coulisse.<\/p>\n<p>La perce, les mat\u00e9riaux, les coulisses, les m\u00e9canismes et la forme ont \u00e9t\u00e9 d\u00e9finis afin d\u2019obtenir :<\/p>\n<ul>\n<li>une excellente qualit\u00e9 acoustique<\/li>\n<li>une agr\u00e9able dynamique de jeu<\/li>\n<li>une manipulation sensitive<\/li>\n<li>un portage confortable et une grande mobilit\u00e9<\/li>\n<\/ul>\n<p>[\/et_pb_text][\/et_pb_column][\/et_pb_row][\/et_pb_section][et_pb_section fb_built=\u00a0\u00bb1&Prime; _builder_version=\u00a0\u00bb4.16&Prime; _module_preset=\u00a0\u00bbdefault\u00a0\u00bb background_image=\u00a0\u00bbhttps:\/\/www.kanarchoad.com\/wp-content\/uploads\/2020\/11\/korn-illu_totale.jpg\u00a0\u00bb custom_padding=\u00a0\u00bb15vh||15vh||true|false\u00a0\u00bb global_colors_info=\u00a0\u00bb{}\u00a0\u00bb][et_pb_row _builder_version=\u00a0\u00bb4.16&Prime; _module_preset=\u00a0\u00bbdefault\u00a0\u00bb global_colors_info=\u00a0\u00bb{}\u00a0\u00bb][et_pb_column type=\u00a0\u00bb4_4&Prime; _builder_version=\u00a0\u00bb4.16&Prime; _module_preset=\u00a0\u00bbdefault\u00a0\u00bb global_colors_info=\u00a0\u00bb{}\u00a0\u00bb][\/et_pb_column][\/et_pb_row][\/et_pb_section][et_pb_section fb_built=\u00a0\u00bb1&Prime; _builder_version=\u00a0\u00bb4.16&Prime; _module_preset=\u00a0\u00bbdefault\u00a0\u00bb background_color=\u00a0\u00bb#0f141c\u00a0\u00bb background_enable_image=\u00a0\u00bboff\u00a0\u00bb parallax=\u00a0\u00bbon\u00a0\u00bb parallax_method=\u00a0\u00bboff\u00a0\u00bb global_colors_info=\u00a0\u00bb{}\u00a0\u00bb][et_pb_row column_structure=\u00a0\u00bb1_2,1_2&Prime; make_equal=\u00a0\u00bbon\u00a0\u00bb _builder_version=\u00a0\u00bb4.16&Prime; _module_preset=\u00a0\u00bbdefault\u00a0\u00bb custom_margin=\u00a0\u00bb||5vh||false|false\u00a0\u00bb global_colors_info=\u00a0\u00bb{}\u00a0\u00bb][et_pb_column type=\u00a0\u00bb1_2&Prime; _builder_version=\u00a0\u00bb4.16&Prime; _module_preset=\u00a0\u00bbdefault\u00a0\u00bb global_colors_info=\u00a0\u00bb{}\u00a0\u00bb][et_pb_video src=\u00a0\u00bbhttps:\/\/www.youtube.com\/watch?v=cXeRYz71H5U\u00a0\u00bb _builder_version=\u00a0\u00bb4.16&Prime; _module_preset=\u00a0\u00bbdefault\u00a0\u00bb global_colors_info=\u00a0\u00bb{}\u00a0\u00bb][\/et_pb_video][et_pb_video src=\u00a0\u00bbhttps:\/\/www.youtube.com\/watch?v=xFxNbug4qfk&#038;list=PLfGPdKDB_S0UBhxR640GosuYVh_o_cPqP&#038;index=4&Prime; _builder_version=\u00a0\u00bb4.16&Prime; _module_preset=\u00a0\u00bbdefault\u00a0\u00bb global_colors_info=\u00a0\u00bb{}\u00a0\u00bb][\/et_pb_video][et_pb_video src=\u00a0\u00bbhttps:\/\/www.youtube.com\/watch?v=POe4eQXjOL4&#038;list=PLfGPdKDB_S0UBhxR640GosuYVh_o_cPqP&#038;index=5&Prime; _builder_version=\u00a0\u00bb4.16&Prime; _module_preset=\u00a0\u00bbdefault\u00a0\u00bb global_colors_info=\u00a0\u00bb{}\u00a0\u00bb][\/et_pb_video][\/et_pb_column][et_pb_column type=\u00a0\u00bb1_2&Prime; _builder_version=\u00a0\u00bb4.16&Prime; _module_preset=\u00a0\u00bbdefault\u00a0\u00bb global_colors_info=\u00a0\u00bb{}\u00a0\u00bb][et_pb_video src=\u00a0\u00bbhttps:\/\/www.youtube.com\/watch?v=G6yERilp9Mk&#038;list=PLfGPdKDB_S0UBhxR640GosuYVh_o_cPqP&#038;index=1&Prime; _builder_version=\u00a0\u00bb4.16&Prime; _module_preset=\u00a0\u00bbdefault\u00a0\u00bb global_colors_info=\u00a0\u00bb{}\u00a0\u00bb][\/et_pb_video][et_pb_video src=\u00a0\u00bbhttps:\/\/www.youtube.com\/watch?v=G64Ce2yzfJI&#038;list=PLfGPdKDB_S0UBhxR640GosuYVh_o_cPqP&#038;index=3&Prime; _builder_version=\u00a0\u00bb4.16&Prime; _module_preset=\u00a0\u00bbdefault\u00a0\u00bb global_colors_info=\u00a0\u00bb{}\u00a0\u00bb][\/et_pb_video][et_pb_video src=\u00a0\u00bbhttps:\/\/www.youtube.com\/watch?v=C6If2ayuZD0&#038;list=PLfGPdKDB_S0UBhxR640GosuYVh_o_cPqP&#038;index=7&Prime; _builder_version=\u00a0\u00bb4.16&Prime; _module_preset=\u00a0\u00bbdefault\u00a0\u00bb global_colors_info=\u00a0\u00bb{}\u00a0\u00bb][\/et_pb_video][\/et_pb_column][\/et_pb_row][et_pb_row column_structure=\u00a0\u00bb1_2,1_2&Prime; make_equal=\u00a0\u00bbon\u00a0\u00bb _builder_version=\u00a0\u00bb4.16&Prime; _module_preset=\u00a0\u00bbdefault\u00a0\u00bb custom_margin=\u00a0\u00bb||5vh||false|false\u00a0\u00bb global_colors_info=\u00a0\u00bb{}\u00a0\u00bb][et_pb_column type=\u00a0\u00bb1_2&Prime; _builder_version=\u00a0\u00bb4.16&Prime; _module_preset=\u00a0\u00bbdefault\u00a0\u00bb global_colors_info=\u00a0\u00bb{}\u00a0\u00bb][et_pb_video src=\u00a0\u00bbhttps:\/\/www.youtube.com\/watch?v=af5OXglW5x0&#038;list=PLfGPdKDB_S0UBhxR640GosuYVh_o_cPqP&#038;index=6&Prime; _builder_version=\u00a0\u00bb4.16&Prime; _module_preset=\u00a0\u00bbdefault\u00a0\u00bb global_colors_info=\u00a0\u00bb{}\u00a0\u00bb][\/et_pb_video][\/et_pb_column][et_pb_column type=\u00a0\u00bb1_2&Prime; module_class=\u00a0\u00bbvertical-align\u00a0\u00bb _builder_version=\u00a0\u00bb4.16&Prime; _module_preset=\u00a0\u00bbdefault\u00a0\u00bb background_color=\u00a0\u00bbrgba(255,255,255,0.8)\u00a0\u00bb global_colors_info=\u00a0\u00bb{}\u00a0\u00bb][et_pb_text _builder_version=\u00a0\u00bb4.17.6&Prime; _module_preset=\u00a0\u00bbdefault\u00a0\u00bb text_orientation=\u00a0\u00bbcenter\u00a0\u00bb custom_padding=\u00a0\u00bb20px|20px||20px|false|true\u00a0\u00bb global_colors_info=\u00a0\u00bb{}\u00a0\u00bb]<\/p>\n<h2>PRIX<\/h2>\n<h2><strong>KORN BASS<\/strong> : 3800 \u20ac<br \/>Livr\u00e9 avec le fly case<\/h2>\n<p>[\/et_pb_text][et_pb_button button_url=\u00a0\u00bbhttps:\/\/www.kanarchoad.com\/wp-content\/uploads\/2016\/04\/kornbass-fiche-technique-francais.pdf\u00a0\u00bb url_new_window=\u00a0\u00bbon\u00a0\u00bb button_text=\u00a0\u00bbT\u00e9l\u00e9charger la fiche technique\u00a0\u00bb button_alignment=\u00a0\u00bbcenter\u00a0\u00bb _builder_version=\u00a0\u00bb4.16&Prime; _module_preset=\u00a0\u00bbdefault\u00a0\u00bb custom_margin=\u00a0\u00bb20px|20px|20px|20px|true|true\u00a0\u00bb global_colors_info=\u00a0\u00bb{}\u00a0\u00bb][\/et_pb_button][\/et_pb_column][\/et_pb_row][et_pb_row _builder_version=\u00a0\u00bb4.16&Prime; _module_preset=\u00a0\u00bbdefault\u00a0\u00bb custom_margin=\u00a0\u00bb||5vh||false|false\u00a0\u00bb global_colors_info=\u00a0\u00bb{}\u00a0\u00bb][et_pb_column type=\u00a0\u00bb4_4&Prime; _builder_version=\u00a0\u00bb4.16&Prime; _module_preset=\u00a0\u00bbdefault\u00a0\u00bb global_colors_info=\u00a0\u00bb{}\u00a0\u00bb][et_pb_gallery gallery_ids=\u00a0\u00bb12159,12160,12161,12162,12163,12164,12165,12156,12158,12157&Prime; posts_number=\u00a0\u00bb12&Prime; show_title_and_caption=\u00a0\u00bboff\u00a0\u00bb show_pagination=\u00a0\u00bboff\u00a0\u00bb _builder_version=\u00a0\u00bb4.16&Prime; _module_preset=\u00a0\u00bbdefault\u00a0\u00bb global_colors_info=\u00a0\u00bb{}\u00a0\u00bb][\/et_pb_gallery][\/et_pb_column][\/et_pb_row][\/et_pb_section]<\/p>\n","protected":false},"excerpt":{"rendered":"<p>KORN BASS Le KORN BASS (didgeridoo chromatique \u00e0 coulisse) ouvre des perspectives musicales novatrices uniques \u00e0 la crois\u00e9e du didgeridoo et du trombone \u00e0 coulisse. La perce, les mat\u00e9riaux, les coulisses, les m\u00e9canismes et la forme ont \u00e9t\u00e9 d\u00e9finis afin d\u2019obtenir : une excellente qualit\u00e9 acoustique une agr\u00e9able dynamique de jeu une manipulation sensitive un [&hellip;]<\/p>\n","protected":false},"author":1,"featured_media":0,"parent":7,"menu_order":4,"comment_status":"closed","ping_status":"closed","template":"","meta":{"_et_pb_use_builder":"on","_et_pb_old_content":"[cs_content][cs_element_section _id=\"1\"][cs_element_row _id=\"2\"][cs_element_column _id=\"3\"][x_image type=\"none\" src=\"https:\/\/www.kanarchoad.com\/wp-content\/uploads\/2018\/04\/pic-korn-1.png\" alt=\"\" link=\"false\" href=\"#\" title=\"\" target=\"\" info=\"none\" info_place=\"top\" info_trigger=\"hover\" info_content=\"\"][\/cs_element_column][cs_element_column _id=\"5\"][cs_text _order=\"0\"]<h1>KORN BASS<\/h1>\r\nLe KORN BASS (didgeridoo chromatique \u00e0 coulisse) ouvre des perspectives musicales novatrices uniques \u00e0 la crois\u00e9e du didgeridoo et du trombone \u00e0 coulisse.\r\n\r\nLa perce, les mat\u00e9riaux, les coulisses, les m\u00e9canismes et la forme ont \u00e9t\u00e9 d\u00e9finis afin d\u2019obtenir\u00a0:\r\n<ul>\r\n \t<li>une excellente qualit\u00e9 acoustique<\/li>\r\n \t<li>une agr\u00e9able dynamique de jeu<\/li>\r\n \t<li>une manipulation sensitive<\/li>\r\n \t<li>un portage confortable et une grande mobilit\u00e9<\/li>\r\n<\/ul>[\/cs_text][\/cs_element_column][\/cs_element_row][\/cs_element_section][cs_element_section _id=\"11\"][cs_element_row _id=\"12\"][cs_element_column _id=\"13\"]\u00a0[\/cs_element_column][\/cs_element_row][\/cs_element_section][cs_element_section _id=\"19\"][cs_element_row _id=\"20\"][cs_element_column _id=\"21\"][x_video_embed no_container=\"true\" type=\"16:9\"]<iframe width=\"560\" height=\"315\" src=\"https:\/\/www.youtube.com\/embed\/cXeRYz71H5U\" frameborder=\"0\" allow=\"autoplay; encrypted-media\" allowfullscreen><\/iframe>[\/x_video_embed][\/cs_element_column][cs_element_column _id=\"23\"][cs_text _order=\"0\"]<h2>Tarifs<\/h2>\r\n<strong>Korn Bass<\/strong> : 3000 \u20ac\r\n<strong>Housse de transport semi-rigide<\/strong> : 440 \u20ac\r\n<h2>Fiches techniques<\/h2>\r\n[\/cs_text][x_button size=\"global\" block=\"false\" circle=\"false\" icon_only=\"false\" href=\"https:\/\/www.kanarchoad.com\/wp-content\/uploads\/2016\/04\/kornbass-fiche-technique-francais.pdf\" title=\"\" target=\"\" info=\"none\" info_place=\"top\" info_trigger=\"hover\" info_content=\"\"]T\u00e9l\u00e9charger[\/x_button][x_gap size=\"10px\"][x_button size=\"global\" block=\"false\" circle=\"false\" icon_only=\"false\" href=\"https:\/\/www.kanarchoad.com\/fr\/contact\/\" title=\"\" target=\"\" info=\"none\" info_place=\"top\" info_trigger=\"hover\" info_content=\"\"]Contactez-nous ![\/x_button][\/cs_element_column][\/cs_element_row][cs_element_row _id=\"32\"][cs_element_column _id=\"33\"][cs_text _order=\"0\"]<h2>Caract\u00e9ristiques<\/h2>\r\n<strong>Tessiture <\/strong>: 2 octaves Sol 0 \u2013 Fa# 2 ; positions index\u00e9es par frettes\r\n<strong>Colonne d\u2019air<\/strong> : 1,40 m \u00e0 2,70 m \u2013 diam\u00e8tre initial : 35 mm\r\n<strong>Embouchure <\/strong>: 32 \u2013 33 mm conseill\u00e9e (30 \u2013 36 mm possible)\r\n<strong>Dimensions <\/strong>: 0,77 m \u00e0 1,46 m x 190 mm x 210 mm \u2013 3,2 kg\r\n<strong>Mat\u00e9riaux <\/strong>: tubes en carbone \u2013 pavillon, culasse et bec en PA r\u00e9alis\u00e9s en imprimante 3D\r\n<strong>M\u00e9canismes <\/strong>: silencieux, sans lubrification et de grande long\u00e9vit\u00e9\r\n<strong>Pi\u00e8ces d\u2019usure <\/strong>: ressorts \u2013 bague glissement\r\n<strong>S\u00e9curit\u00e9 <\/strong>: verrouillage toutes positions \u2013 but\u00e9e \u00e9lastique de fin de course\r\n<strong>Portage <\/strong>: brettelles d\u2019accord\u00e9on\r\n<strong>Accessoires <\/strong>: housse de transport \u2013 flight-case \u2013 embouchure suppl\u00e9mentaire \u2013 ressorts \u2013 bague de glissement[\/cs_text][\/cs_element_column][\/cs_element_row][cs_element_row _id=\"40\"][cs_element_column _id=\"41\"][cs_text]<h2 style=\"text-align: center;\"><span style=\"color: #ffffff;\">Suivez-nous sur Facebook !<\/span><\/h2>[\/cs_text][x_image type=\"none\" src=\"https:\/\/www.kanarchoad.com\/wp-content\/uploads\/2018\/04\/Facebook-2.png\" alt=\"\" link=\"true\" href=\"https:\/\/www.facebook.com\/KORN-BASS-305211573320720\/\" title=\"\" target=\"blank\" info=\"none\" info_place=\"top\" info_trigger=\"hover\" info_content=\"\"][x_gap size=\"50px\"][ess_grid alias=\"photo-korn-bass\"][\/cs_element_column][\/cs_element_row][\/cs_element_section][\/cs_content]","_et_gb_content_width":"","_monsterinsights_skip_tracking":false,"_monsterinsights_sitenote_active":false,"_monsterinsights_sitenote_note":"","_monsterinsights_sitenote_category":0,"footnotes":""},"class_list":["post-35","page","type-page","status-publish","hentry"],"yoast_head":"<!-- This site is optimized with the Yoast SEO plugin v27.3 - https:\/\/yoast.com\/product\/yoast-seo-wordpress\/ -->\n<title>Korn Bass - KAN AR C&#039;HOAD<\/title>\n<meta name=\"robots\" content=\"index, follow, max-snippet:-1, max-image-preview:large, max-video-preview:-1\" \/>\n<link rel=\"canonical\" href=\"https:\/\/www.kanarchoad.com\/fr\/instruments\/korn-bass\/\" \/>\n<meta property=\"og:locale\" content=\"fr_FR\" \/>\n<meta property=\"og:type\" content=\"article\" \/>\n<meta property=\"og:title\" content=\"Korn Bass - KAN AR C&#039;HOAD\" \/>\n<meta property=\"og:description\" content=\"KORN BASS Le KORN BASS (didgeridoo chromatique \u00e0 coulisse) ouvre des perspectives musicales novatrices uniques \u00e0 la crois\u00e9e du didgeridoo et du trombone \u00e0 coulisse. La perce, les mat\u00e9riaux, les coulisses, les m\u00e9canismes et la forme ont \u00e9t\u00e9 d\u00e9finis afin d\u2019obtenir : une excellente qualit\u00e9 acoustique une agr\u00e9able dynamique de jeu une manipulation sensitive un [&hellip;]\" \/>\n<meta property=\"og:url\" content=\"https:\/\/www.kanarchoad.com\/fr\/instruments\/korn-bass\/\" \/>\n<meta property=\"og:site_name\" content=\"KAN AR C&#039;HOAD\" \/>\n<meta property=\"article:publisher\" content=\"https:\/\/www.facebook.com\/Kan-ar-choad-199432683959952\/\" \/>\n<meta property=\"article:modified_time\" content=\"2022-07-15T13:57:58+00:00\" \/>\n<meta property=\"og:image\" content=\"https:\/\/www.kanarchoad.com\/wp-content\/uploads\/2016\/04\/accueil.jpg\" \/>\n\t<meta property=\"og:image:width\" content=\"1000\" \/>\n\t<meta property=\"og:image:height\" content=\"667\" \/>\n\t<meta property=\"og:image:type\" content=\"image\/jpeg\" \/>\n<meta name=\"twitter:card\" content=\"summary_large_image\" \/>\n<meta name=\"twitter:label1\" content=\"Dur\u00e9e de lecture estim\u00e9e\" \/>\n\t<meta name=\"twitter:data1\" content=\"2 minutes\" \/>\n<script type=\"application\/ld+json\" class=\"yoast-schema-graph\">{\"@context\":\"https:\\\/\\\/schema.org\",\"@graph\":[{\"@type\":\"WebPage\",\"@id\":\"https:\\\/\\\/www.kanarchoad.com\\\/fr\\\/instruments\\\/korn-bass\\\/\",\"url\":\"https:\\\/\\\/www.kanarchoad.com\\\/fr\\\/instruments\\\/korn-bass\\\/\",\"name\":\"Korn Bass - KAN AR C&#039;HOAD\",\"isPartOf\":{\"@id\":\"https:\\\/\\\/www.kanarchoad.com\\\/fr\\\/#website\"},\"datePublished\":\"2016-04-10T16:59:16+00:00\",\"dateModified\":\"2022-07-15T13:57:58+00:00\",\"breadcrumb\":{\"@id\":\"https:\\\/\\\/www.kanarchoad.com\\\/fr\\\/instruments\\\/korn-bass\\\/#breadcrumb\"},\"inLanguage\":\"fr-FR\",\"potentialAction\":[{\"@type\":\"ReadAction\",\"target\":[\"https:\\\/\\\/www.kanarchoad.com\\\/fr\\\/instruments\\\/korn-bass\\\/\"]}]},{\"@type\":\"BreadcrumbList\",\"@id\":\"https:\\\/\\\/www.kanarchoad.com\\\/fr\\\/instruments\\\/korn-bass\\\/#breadcrumb\",\"itemListElement\":[{\"@type\":\"ListItem\",\"position\":1,\"name\":\"Accueil\",\"item\":\"https:\\\/\\\/www.kanarchoad.com\\\/fr\\\/\"},{\"@type\":\"ListItem\",\"position\":2,\"name\":\"Instruments\",\"item\":\"https:\\\/\\\/www.kanarchoad.com\\\/fr\\\/instruments\\\/\"},{\"@type\":\"ListItem\",\"position\":3,\"name\":\"Korn Bass\"}]},{\"@type\":\"WebSite\",\"@id\":\"https:\\\/\\\/www.kanarchoad.com\\\/fr\\\/#website\",\"url\":\"https:\\\/\\\/www.kanarchoad.com\\\/fr\\\/\",\"name\":\"KAN AR C&#039;HOAD\",\"description\":\"Facteur de Didgeridoo\",\"potentialAction\":[{\"@type\":\"SearchAction\",\"target\":{\"@type\":\"EntryPoint\",\"urlTemplate\":\"https:\\\/\\\/www.kanarchoad.com\\\/fr\\\/?s={search_term_string}\"},\"query-input\":{\"@type\":\"PropertyValueSpecification\",\"valueRequired\":true,\"valueName\":\"search_term_string\"}}],\"inLanguage\":\"fr-FR\"}]}<\/script>\n<!-- \/ Yoast SEO plugin. -->","yoast_head_json":{"title":"Korn Bass - KAN AR C&#039;HOAD","robots":{"index":"index","follow":"follow","max-snippet":"max-snippet:-1","max-image-preview":"max-image-preview:large","max-video-preview":"max-video-preview:-1"},"canonical":"https:\/\/www.kanarchoad.com\/fr\/instruments\/korn-bass\/","og_locale":"fr_FR","og_type":"article","og_title":"Korn Bass - KAN AR C&#039;HOAD","og_description":"KORN BASS Le KORN BASS (didgeridoo chromatique \u00e0 coulisse) ouvre des perspectives musicales novatrices uniques \u00e0 la crois\u00e9e du didgeridoo et du trombone \u00e0 coulisse. La perce, les mat\u00e9riaux, les coulisses, les m\u00e9canismes et la forme ont \u00e9t\u00e9 d\u00e9finis afin d\u2019obtenir : une excellente qualit\u00e9 acoustique une agr\u00e9able dynamique de jeu une manipulation sensitive un [&hellip;]","og_url":"https:\/\/www.kanarchoad.com\/fr\/instruments\/korn-bass\/","og_site_name":"KAN AR C&#039;HOAD","article_publisher":"https:\/\/www.facebook.com\/Kan-ar-choad-199432683959952\/","article_modified_time":"2022-07-15T13:57:58+00:00","og_image":[{"width":1000,"height":667,"url":"https:\/\/www.kanarchoad.com\/wp-content\/uploads\/2016\/04\/accueil.jpg","type":"image\/jpeg"}],"twitter_card":"summary_large_image","twitter_misc":{"Dur\u00e9e de lecture estim\u00e9e":"2 minutes"},"schema":{"@context":"https:\/\/schema.org","@graph":[{"@type":"WebPage","@id":"https:\/\/www.kanarchoad.com\/fr\/instruments\/korn-bass\/","url":"https:\/\/www.kanarchoad.com\/fr\/instruments\/korn-bass\/","name":"Korn Bass - KAN AR C&#039;HOAD","isPartOf":{"@id":"https:\/\/www.kanarchoad.com\/fr\/#website"},"datePublished":"2016-04-10T16:59:16+00:00","dateModified":"2022-07-15T13:57:58+00:00","breadcrumb":{"@id":"https:\/\/www.kanarchoad.com\/fr\/instruments\/korn-bass\/#breadcrumb"},"inLanguage":"fr-FR","potentialAction":[{"@type":"ReadAction","target":["https:\/\/www.kanarchoad.com\/fr\/instruments\/korn-bass\/"]}]},{"@type":"BreadcrumbList","@id":"https:\/\/www.kanarchoad.com\/fr\/instruments\/korn-bass\/#breadcrumb","itemListElement":[{"@type":"ListItem","position":1,"name":"Accueil","item":"https:\/\/www.kanarchoad.com\/fr\/"},{"@type":"ListItem","position":2,"name":"Instruments","item":"https:\/\/www.kanarchoad.com\/fr\/instruments\/"},{"@type":"ListItem","position":3,"name":"Korn Bass"}]},{"@type":"WebSite","@id":"https:\/\/www.kanarchoad.com\/fr\/#website","url":"https:\/\/www.kanarchoad.com\/fr\/","name":"KAN AR C&#039;HOAD","description":"Facteur de Didgeridoo","potentialAction":[{"@type":"SearchAction","target":{"@type":"EntryPoint","urlTemplate":"https:\/\/www.kanarchoad.com\/fr\/?s={search_term_string}"},"query-input":{"@type":"PropertyValueSpecification","valueRequired":true,"valueName":"search_term_string"}}],"inLanguage":"fr-FR"}]}},"_links":{"self":[{"href":"https:\/\/www.kanarchoad.com\/fr\/wp-json\/wp\/v2\/pages\/35","targetHints":{"allow":["GET"]}}],"collection":[{"href":"https:\/\/www.kanarchoad.com\/fr\/wp-json\/wp\/v2\/pages"}],"about":[{"href":"https:\/\/www.kanarchoad.com\/fr\/wp-json\/wp\/v2\/types\/page"}],"author":[{"embeddable":true,"href":"https:\/\/www.kanarchoad.com\/fr\/wp-json\/wp\/v2\/users\/1"}],"replies":[{"embeddable":true,"href":"https:\/\/www.kanarchoad.com\/fr\/wp-json\/wp\/v2\/comments?post=35"}],"version-history":[{"count":12,"href":"https:\/\/www.kanarchoad.com\/fr\/wp-json\/wp\/v2\/pages\/35\/revisions"}],"predecessor-version":[{"id":12787,"href":"https:\/\/www.kanarchoad.com\/fr\/wp-json\/wp\/v2\/pages\/35\/revisions\/12787"}],"up":[{"embeddable":true,"href":"https:\/\/www.kanarchoad.com\/fr\/wp-json\/wp\/v2\/pages\/7"}],"wp:attachment":[{"href":"https:\/\/www.kanarchoad.com\/fr\/wp-json\/wp\/v2\/media?parent=35"}],"curies":[{"name":"wp","href":"https:\/\/api.w.org\/{rel}","templated":true}]}}