{"id":13396,"date":"2024-08-08T16:06:00","date_gmt":"2024-08-08T15:06:00","guid":{"rendered":"https:\/\/www.kanarchoad.com\/?page_id=13396"},"modified":"2026-01-05T12:07:10","modified_gmt":"2026-01-05T11:07:10","slug":"stages","status":"publish","type":"page","link":"https:\/\/www.kanarchoad.com\/fr\/stages\/","title":{"rendered":"Stages"},"content":{"rendered":"<p>[et_pb_section fb_built=\u00a0\u00bb1&Prime; admin_label=\u00a0\u00bbsection\u00a0\u00bb _builder_version=\u00a0\u00bb4.16&Prime; global_colors_info=\u00a0\u00bb{}\u00a0\u00bb][et_pb_row admin_label=\u00a0\u00bbrow\u00a0\u00bb _builder_version=\u00a0\u00bb4.16&Prime; background_size=\u00a0\u00bbinitial\u00a0\u00bb background_position=\u00a0\u00bbtop_left\u00a0\u00bb background_repeat=\u00a0\u00bbrepeat\u00a0\u00bb global_colors_info=\u00a0\u00bb{}\u00a0\u00bb][et_pb_column type=\u00a0\u00bb4_4&Prime; _builder_version=\u00a0\u00bb4.16&Prime; custom_padding=\u00a0\u00bb|||\u00a0\u00bb global_colors_info=\u00a0\u00bb{}\u00a0\u00bb custom_padding__hover=\u00a0\u00bb|||\u00a0\u00bb][et_pb_text admin_label=\u00a0\u00bbPr\u00e9sentation\u00a0\u00bb _builder_version=\u00a0\u00bb4.27.4&Prime; _module_preset=\u00a0\u00bbdefault\u00a0\u00bb global_colors_info=\u00a0\u00bb{}\u00a0\u00bb]<\/p>\n<p><span style=\"color: #000000;\">Que vous soyez attir\u00e9 par le didgeridoo pour son univers sonore, pour le plaisir du souffle, pour sa vibration, pour travailler votre respiration, pour des probl\u00e8mes d&rsquo;apn\u00e9e du sommeil, pour am\u00e9liorer votre diction &#8230;<br \/>Vous avez envie d&rsquo;apprendre \u00e0 jouer du didgeridoo ou \u00e9voluer dans votre pratique.<br \/>Je peux vous accompagner dans votre progression avec les stages et cours que je propose en fonction de votre niveau et de vos envies.<\/span><\/p>\n<p>[\/et_pb_text][et_pb_text admin_label=\u00a0\u00bbAGENDA\u00a0\u00bb _builder_version=\u00a0\u00bb4.27.5&Prime; _module_preset=\u00a0\u00bbdefault\u00a0\u00bb hover_enabled=\u00a0\u00bb0&Prime; global_colors_info=\u00a0\u00bb{}\u00a0\u00bb sticky_enabled=\u00a0\u00bb0&Prime;]<\/p>\n<h2 style=\"text-align: center;\"><span style=\"color: #000000;\">AGENDA<\/span><\/h2>\n<h3 style=\"text-align: center;\"><span style=\"color: #000000;\">Dimanche 15 Mars 2026 \/ 10 H &#8211; 17 H \u00e0 S\u00e9rent (56)<\/span><\/h3>\n<h3 style=\"text-align: center;\"><span style=\"color: #000000;\"><br \/>Stages ouverts aux d\u00e9butants et avanc\u00e9s<\/span><\/h3>\n<h3 style=\"text-align: center;\"><span style=\"color: #000000;\">TARIF : 80 \u20ac &#8211; 30 \u20ac \u00e0 l&rsquo;inscription &#8211; 50 \u20ac le jour du stage<\/span><\/h3>\n<p>[\/et_pb_text][et_pb_button button_url=\u00a0\u00bb@ET-DC@eyJkeW5hbWljIjp0cnVlLCJjb250ZW50IjoicG9zdF9saW5rX3VybF9wcm9kdWN0Iiwic2V0dGluZ3MiOnsicG9zdF9pZCI6IjEzMzc1In19@\u00a0\u00bb button_text=\u00a0\u00bbJe m&rsquo;inscris\u00a0\u00bb button_alignment=\u00a0\u00bbcenter\u00a0\u00bb _builder_version=\u00a0\u00bb4.27.4&Prime; _dynamic_attributes=\u00a0\u00bbbutton_url\u00a0\u00bb _module_preset=\u00a0\u00bbdefault\u00a0\u00bb locked=\u00a0\u00bboff\u00a0\u00bb global_colors_info=\u00a0\u00bb{}\u00a0\u00bb button_bg_color__hover_enabled=\u00a0\u00bbon|hover\u00a0\u00bb button_bg_color__hover=\u00a0\u00bbrgba(211,93,55,0.8)\u00a0\u00bb button_bg_enable_color__hover=\u00a0\u00bbon\u00a0\u00bb button_border_color__hover_enabled=\u00a0\u00bbon|hover\u00a0\u00bb button_border_color__hover=\u00a0\u00bbrgba(211,93,55,0.8)\u00a0\u00bb][\/et_pb_button][\/et_pb_column][\/et_pb_row][et_pb_row column_structure=\u00a0\u00bb1_2,1_2&Prime; _builder_version=\u00a0\u00bb4.27.0&Prime; _module_preset=\u00a0\u00bbdefault\u00a0\u00bb global_colors_info=\u00a0\u00bb{}\u00a0\u00bb][et_pb_column type=\u00a0\u00bb1_2&Prime; _builder_version=\u00a0\u00bb4.27.0&Prime; _module_preset=\u00a0\u00bbdefault\u00a0\u00bb global_colors_info=\u00a0\u00bb{}\u00a0\u00bb][et_pb_text admin_label=\u00a0\u00bbDebutant\u00a0\u00bb _builder_version=\u00a0\u00bb4.27.4&Prime; _module_preset=\u00a0\u00bbdefault\u00a0\u00bb global_colors_info=\u00a0\u00bb{}\u00a0\u00bb]<\/p>\n<h2><span style=\"color: #000000;\">PROGRAMME D\u00c9BUTANT<\/span><\/h2>\n<ul>\n<li><span style=\"color: #000000;\">Le Bourdon<\/span><\/li>\n<li><span style=\"color: #000000;\">Les articulations basiques<\/span><\/li>\n<li><span style=\"color: #000000;\">Le Souffle continu<\/span><\/li>\n<li><span style=\"color: #000000;\">Des Rythmes simples et ludiques<\/span><\/li>\n<li><span style=\"color: #000000;\">Et un moment convivial entre amateurs de didgeridoo<\/span><\/li>\n<\/ul>\n<p>[\/et_pb_text][\/et_pb_column][et_pb_column type=\u00a0\u00bb1_2&Prime; _builder_version=\u00a0\u00bb4.27.0&Prime; _module_preset=\u00a0\u00bbdefault\u00a0\u00bb global_colors_info=\u00a0\u00bb{}\u00a0\u00bb][et_pb_text admin_label=\u00a0\u00bbAvanc\u00e9\u00a0\u00bb _builder_version=\u00a0\u00bb4.27.4&Prime; _module_preset=\u00a0\u00bbdefault\u00a0\u00bb global_colors_info=\u00a0\u00bb{}\u00a0\u00bb]<\/p>\n<h2><span style=\"color: #000000;\">PROGRAMME AVANC\u00c9<\/span><\/h2>\n<ul>\n<li><span style=\"color: #000000;\">Posture et Respiration : prendre soin de soi et de son souffle (moteur de votre jeu) pour am\u00e9liorer sa puissance de jeu et son endurance<\/span><\/li>\n<li><span style=\"color: #000000;\">Qualit\u00e9 et puissance du bourdon et sur-vibration<\/span><\/li>\n<li><span style=\"color: #000000;\">Souffle continu : diff\u00e9rents modes d&rsquo;expulsion, perfectionnement et int\u00e9gration dans votre jeu<\/span><\/li>\n<li><span style=\"color: #000000;\">Articulations (Harmonique, Attaques, Compressions et Vocalisations) et \u00e9criture phon\u00e9tique<\/span><\/li>\n<li><span style=\"color: #000000;\">Composition musicale (rythmique et m\u00e9ditative) et \u00e9criture musicale<\/span><\/li>\n<li><span style=\"color: #000000;\">Et un bon moment de convivialit\u00e9 entres amateurs de didgeridoo<\/span><\/li>\n<li><span style=\"color: #000000;\">En Prenant en compte vos besoins du moment<\/span><\/li>\n<\/ul>\n<p>[\/et_pb_text][\/et_pb_column][\/et_pb_row][et_pb_row column_structure=\u00a0\u00bb3_5,2_5&Prime; _builder_version=\u00a0\u00bb4.27.0&Prime; _module_preset=\u00a0\u00bbdefault\u00a0\u00bb global_colors_info=\u00a0\u00bb{}\u00a0\u00bb][et_pb_column type=\u00a0\u00bb3_5&Prime; _builder_version=\u00a0\u00bb4.27.0&Prime; _module_preset=\u00a0\u00bbdefault\u00a0\u00bb global_colors_info=\u00a0\u00bb{}\u00a0\u00bb][et_pb_text admin_label=\u00a0\u00bbCours particuliers\u00a0\u00bb _builder_version=\u00a0\u00bb4.27.0&Prime; _module_preset=\u00a0\u00bbdefault\u00a0\u00bb global_colors_info=\u00a0\u00bb{}\u00a0\u00bb]<\/p>\n<h2><span style=\"color: #000000;\">COURS PARTICULIERS<\/span><\/h2>\n<p><span style=\"color: #000000;\">Pour un apprentissage \u00e0 votre rythme et selon vos envies de progression<br \/>Sur rendez-vous<br \/>Tarif : 30 \u20ac \/ heure<br \/><\/span><\/p>\n<p>[\/et_pb_text][\/et_pb_column][et_pb_column type=\u00a0\u00bb2_5&Prime; _builder_version=\u00a0\u00bb4.27.0&Prime; _module_preset=\u00a0\u00bbdefault\u00a0\u00bb global_colors_info=\u00a0\u00bb{}\u00a0\u00bb][et_pb_button button_url=\u00a0\u00bbhttps:\/\/www.kanarchoad.com\/fr\/contact\/\u00a0\u00bb button_text=\u00a0\u00bbJe prends rendez-vous\u00a0\u00bb _builder_version=\u00a0\u00bb4.27.0&Prime; _module_preset=\u00a0\u00bbdefault\u00a0\u00bb locked=\u00a0\u00bboff\u00a0\u00bb global_colors_info=\u00a0\u00bb{}\u00a0\u00bb button_bg_color__hover_enabled=\u00a0\u00bbon|hover\u00a0\u00bb button_bg_color__hover=\u00a0\u00bbrgba(211,93,55,0.8)\u00a0\u00bb button_bg_enable_color__hover=\u00a0\u00bbon\u00a0\u00bb button_border_color__hover_enabled=\u00a0\u00bbon|hover\u00a0\u00bb button_border_color__hover=\u00a0\u00bbrgba(211,93,55,0.8)\u00a0\u00bb][\/et_pb_button][\/et_pb_column][\/et_pb_row][\/et_pb_section]<\/p>\n","protected":false},"excerpt":{"rendered":"<p>Que vous soyez attir\u00e9 par le didgeridoo pour son univers sonore, pour le plaisir du souffle, pour sa vibration, pour travailler votre respiration, pour des probl\u00e8mes d&rsquo;apn\u00e9e du sommeil, pour am\u00e9liorer votre diction &#8230;Vous avez envie d&rsquo;apprendre \u00e0 jouer du didgeridoo ou \u00e9voluer dans votre pratique.Je peux vous accompagner dans votre progression avec les stages [&hellip;]<\/p>\n","protected":false},"author":2,"featured_media":0,"parent":0,"menu_order":0,"comment_status":"closed","ping_status":"closed","template":"","meta":{"_et_pb_use_builder":"on","_et_pb_old_content":"","_et_gb_content_width":"","_monsterinsights_skip_tracking":false,"_monsterinsights_sitenote_active":false,"_monsterinsights_sitenote_note":"","_monsterinsights_sitenote_category":0,"footnotes":""},"class_list":["post-13396","page","type-page","status-publish","hentry"],"yoast_head":"<!-- This site is optimized with the Yoast SEO plugin v27.3 - https:\/\/yoast.com\/product\/yoast-seo-wordpress\/ -->\n<title>Stages - KAN AR C&#039;HOAD<\/title>\n<meta name=\"robots\" content=\"index, follow, max-snippet:-1, max-image-preview:large, max-video-preview:-1\" \/>\n<link rel=\"canonical\" href=\"https:\/\/www.kanarchoad.com\/fr\/stages\/\" \/>\n<meta property=\"og:locale\" content=\"fr_FR\" \/>\n<meta property=\"og:type\" content=\"article\" \/>\n<meta property=\"og:title\" content=\"Stages - KAN AR C&#039;HOAD\" \/>\n<meta property=\"og:description\" content=\"Que vous soyez attir\u00e9 par le didgeridoo pour son univers sonore, pour le plaisir du souffle, pour sa vibration, pour travailler votre respiration, pour des probl\u00e8mes d&#039;apn\u00e9e du sommeil, pour am\u00e9liorer votre diction ...Vous avez envie d&#039;apprendre \u00e0 jouer du didgeridoo ou \u00e9voluer dans votre pratique.Je peux vous accompagner dans votre progression avec les stages [&hellip;]\" \/>\n<meta property=\"og:url\" content=\"https:\/\/www.kanarchoad.com\/fr\/stages\/\" \/>\n<meta property=\"og:site_name\" content=\"KAN AR C&#039;HOAD\" \/>\n<meta property=\"article:publisher\" content=\"https:\/\/www.facebook.com\/Kan-ar-choad-199432683959952\/\" \/>\n<meta property=\"article:modified_time\" content=\"2026-01-05T11:07:10+00:00\" \/>\n<meta property=\"og:image\" content=\"https:\/\/www.kanarchoad.com\/wp-content\/uploads\/2016\/04\/accueil.jpg\" \/>\n\t<meta property=\"og:image:width\" content=\"1000\" \/>\n\t<meta property=\"og:image:height\" content=\"667\" \/>\n\t<meta property=\"og:image:type\" content=\"image\/jpeg\" \/>\n<meta name=\"twitter:card\" content=\"summary_large_image\" \/>\n<meta name=\"twitter:label1\" content=\"Dur\u00e9e de lecture estim\u00e9e\" \/>\n\t<meta name=\"twitter:data1\" content=\"2 minutes\" \/>\n<script type=\"application\/ld+json\" class=\"yoast-schema-graph\">{\"@context\":\"https:\\\/\\\/schema.org\",\"@graph\":[{\"@type\":\"WebPage\",\"@id\":\"https:\\\/\\\/www.kanarchoad.com\\\/fr\\\/stages\\\/\",\"url\":\"https:\\\/\\\/www.kanarchoad.com\\\/fr\\\/stages\\\/\",\"name\":\"Stages - KAN AR C&#039;HOAD\",\"isPartOf\":{\"@id\":\"https:\\\/\\\/www.kanarchoad.com\\\/fr\\\/#website\"},\"datePublished\":\"2024-08-08T15:06:00+00:00\",\"dateModified\":\"2026-01-05T11:07:10+00:00\",\"breadcrumb\":{\"@id\":\"https:\\\/\\\/www.kanarchoad.com\\\/fr\\\/stages\\\/#breadcrumb\"},\"inLanguage\":\"fr-FR\",\"potentialAction\":[{\"@type\":\"ReadAction\",\"target\":[\"https:\\\/\\\/www.kanarchoad.com\\\/fr\\\/stages\\\/\"]}]},{\"@type\":\"BreadcrumbList\",\"@id\":\"https:\\\/\\\/www.kanarchoad.com\\\/fr\\\/stages\\\/#breadcrumb\",\"itemListElement\":[{\"@type\":\"ListItem\",\"position\":1,\"name\":\"Accueil\",\"item\":\"https:\\\/\\\/www.kanarchoad.com\\\/fr\\\/\"},{\"@type\":\"ListItem\",\"position\":2,\"name\":\"Stages\"}]},{\"@type\":\"WebSite\",\"@id\":\"https:\\\/\\\/www.kanarchoad.com\\\/fr\\\/#website\",\"url\":\"https:\\\/\\\/www.kanarchoad.com\\\/fr\\\/\",\"name\":\"KAN AR C&#039;HOAD\",\"description\":\"Facteur de Didgeridoo\",\"potentialAction\":[{\"@type\":\"SearchAction\",\"target\":{\"@type\":\"EntryPoint\",\"urlTemplate\":\"https:\\\/\\\/www.kanarchoad.com\\\/fr\\\/?s={search_term_string}\"},\"query-input\":{\"@type\":\"PropertyValueSpecification\",\"valueRequired\":true,\"valueName\":\"search_term_string\"}}],\"inLanguage\":\"fr-FR\"}]}<\/script>\n<!-- \/ Yoast SEO plugin. -->","yoast_head_json":{"title":"Stages - KAN AR C&#039;HOAD","robots":{"index":"index","follow":"follow","max-snippet":"max-snippet:-1","max-image-preview":"max-image-preview:large","max-video-preview":"max-video-preview:-1"},"canonical":"https:\/\/www.kanarchoad.com\/fr\/stages\/","og_locale":"fr_FR","og_type":"article","og_title":"Stages - KAN AR C&#039;HOAD","og_description":"Que vous soyez attir\u00e9 par le didgeridoo pour son univers sonore, pour le plaisir du souffle, pour sa vibration, pour travailler votre respiration, pour des probl\u00e8mes d'apn\u00e9e du sommeil, pour am\u00e9liorer votre diction ...Vous avez envie d'apprendre \u00e0 jouer du didgeridoo ou \u00e9voluer dans votre pratique.Je peux vous accompagner dans votre progression avec les stages [&hellip;]","og_url":"https:\/\/www.kanarchoad.com\/fr\/stages\/","og_site_name":"KAN AR C&#039;HOAD","article_publisher":"https:\/\/www.facebook.com\/Kan-ar-choad-199432683959952\/","article_modified_time":"2026-01-05T11:07:10+00:00","og_image":[{"width":1000,"height":667,"url":"https:\/\/www.kanarchoad.com\/wp-content\/uploads\/2016\/04\/accueil.jpg","type":"image\/jpeg"}],"twitter_card":"summary_large_image","twitter_misc":{"Dur\u00e9e de lecture estim\u00e9e":"2 minutes"},"schema":{"@context":"https:\/\/schema.org","@graph":[{"@type":"WebPage","@id":"https:\/\/www.kanarchoad.com\/fr\/stages\/","url":"https:\/\/www.kanarchoad.com\/fr\/stages\/","name":"Stages - KAN AR C&#039;HOAD","isPartOf":{"@id":"https:\/\/www.kanarchoad.com\/fr\/#website"},"datePublished":"2024-08-08T15:06:00+00:00","dateModified":"2026-01-05T11:07:10+00:00","breadcrumb":{"@id":"https:\/\/www.kanarchoad.com\/fr\/stages\/#breadcrumb"},"inLanguage":"fr-FR","potentialAction":[{"@type":"ReadAction","target":["https:\/\/www.kanarchoad.com\/fr\/stages\/"]}]},{"@type":"BreadcrumbList","@id":"https:\/\/www.kanarchoad.com\/fr\/stages\/#breadcrumb","itemListElement":[{"@type":"ListItem","position":1,"name":"Accueil","item":"https:\/\/www.kanarchoad.com\/fr\/"},{"@type":"ListItem","position":2,"name":"Stages"}]},{"@type":"WebSite","@id":"https:\/\/www.kanarchoad.com\/fr\/#website","url":"https:\/\/www.kanarchoad.com\/fr\/","name":"KAN AR C&#039;HOAD","description":"Facteur de Didgeridoo","potentialAction":[{"@type":"SearchAction","target":{"@type":"EntryPoint","urlTemplate":"https:\/\/www.kanarchoad.com\/fr\/?s={search_term_string}"},"query-input":{"@type":"PropertyValueSpecification","valueRequired":true,"valueName":"search_term_string"}}],"inLanguage":"fr-FR"}]}},"_links":{"self":[{"href":"https:\/\/www.kanarchoad.com\/fr\/wp-json\/wp\/v2\/pages\/13396","targetHints":{"allow":["GET"]}}],"collection":[{"href":"https:\/\/www.kanarchoad.com\/fr\/wp-json\/wp\/v2\/pages"}],"about":[{"href":"https:\/\/www.kanarchoad.com\/fr\/wp-json\/wp\/v2\/types\/page"}],"author":[{"embeddable":true,"href":"https:\/\/www.kanarchoad.com\/fr\/wp-json\/wp\/v2\/users\/2"}],"replies":[{"embeddable":true,"href":"https:\/\/www.kanarchoad.com\/fr\/wp-json\/wp\/v2\/comments?post=13396"}],"version-history":[{"count":42,"href":"https:\/\/www.kanarchoad.com\/fr\/wp-json\/wp\/v2\/pages\/13396\/revisions"}],"predecessor-version":[{"id":13768,"href":"https:\/\/www.kanarchoad.com\/fr\/wp-json\/wp\/v2\/pages\/13396\/revisions\/13768"}],"wp:attachment":[{"href":"https:\/\/www.kanarchoad.com\/fr\/wp-json\/wp\/v2\/media?parent=13396"}],"curies":[{"name":"wp","href":"https:\/\/api.w.org\/{rel}","templated":true}]}}