{"id":13375,"date":"2024-08-03T17:00:47","date_gmt":"2024-08-03T16:00:47","guid":{"rendered":"https:\/\/www.kanarchoad.com\/?post_type=product&#038;p=13375"},"modified":"2026-03-13T14:04:41","modified_gmt":"2026-03-13T13:04:41","slug":"inscription-stage-didgeridoo","status":"publish","type":"product","link":"https:\/\/www.kanarchoad.com\/en\/produit\/inscription-stage-didgeridoo\/","title":{"rendered":"Inscription Stage Didgeridoo"},"content":{"rendered":"<p><strong><span style=\"color: #000000;\">MAT\u00c9RIEL \u00c0 APPORTER<\/span><\/strong><br \/>\n<span style=\"color: #000000;\">votre ou vos didgeridoo,<\/span><br \/>\n<span style=\"color: #000000;\">de quoi noter voir enregistrer,<\/span><br \/>\n<span style=\"color: #000000;\">si vous avez : tabouret de m\u00e9ditation, brique de yoga &#8230; ce sur quoi vous etes \u00e0 l&#8217;aise pour jouer du didgeridoo assis<\/span><br \/>\n<span style=\"color: #000000;\">pr\u00e9voir un tenue souple (pantalon de surv\u00eatement) pour \u00eatre \u00e0 l\u2019aise dans les exercices d\u2019\u00e9chauffement et d\u2019\u00e9tirement<\/span><br \/>\n<span style=\"color: #000000;\">ET UNE GROSSE ENVIE SOUFFLER !<\/span><\/p>\n","protected":false},"excerpt":{"rendered":"<p>MAT\u00c9RIEL \u00c0 APPORTER votre ou vos didgeridoo, de quoi noter voir enregistrer, si vous avez : tabouret de m\u00e9ditation, brique de yoga &#8230; ce sur quoi vous etes \u00e0 l&#8217;aise pour jouer du didgeridoo assis pr\u00e9voir un tenue souple (pantalon de surv\u00eatement) pour \u00eatre \u00e0 l\u2019aise dans les exercices d\u2019\u00e9chauffement et d\u2019\u00e9tirement ET UNE GROSSE [&hellip;]<\/p>\n","protected":false},"featured_media":0,"template":"","meta":{"_et_pb_use_builder":"","_et_pb_old_content":"","_et_gb_content_width":"","_monsterinsights_skip_tracking":false,"_monsterinsights_sitenote_active":false,"_monsterinsights_sitenote_note":"","_monsterinsights_sitenote_category":0},"product_brand":[],"product_cat":[84],"product_tag":[],"class_list":{"0":"post-13375","1":"product","2":"type-product","3":"status-publish","5":"product_cat-stage","7":"first","8":"instock","9":"shipping-taxable","10":"purchasable","11":"product-type-variable"},"yoast_head":"<!-- This site is optimized with the Yoast SEO plugin v27.3 - https:\/\/yoast.com\/product\/yoast-seo-wordpress\/ -->\n<title>Inscription Stage Didgeridoo - KAN AR C&#039;HOAD<\/title>\n<meta name=\"robots\" content=\"index, follow, max-snippet:-1, max-image-preview:large, max-video-preview:-1\" \/>\n<link rel=\"canonical\" href=\"https:\/\/www.kanarchoad.com\/en\/produit\/inscription-stage-didgeridoo\/\" \/>\n<meta property=\"og:locale\" content=\"en_US\" \/>\n<meta property=\"og:type\" content=\"article\" \/>\n<meta property=\"og:title\" content=\"Inscription Stage Didgeridoo - KAN AR C&#039;HOAD\" \/>\n<meta property=\"og:description\" content=\"MAT\u00c9RIEL \u00c0 APPORTER votre ou vos didgeridoo, de quoi noter voir enregistrer, si vous avez : tabouret de m\u00e9ditation, brique de yoga &#8230; ce sur quoi vous etes \u00e0 l&#8217;aise pour jouer du didgeridoo assis pr\u00e9voir un tenue souple (pantalon de surv\u00eatement) pour \u00eatre \u00e0 l\u2019aise dans les exercices d\u2019\u00e9chauffement et d\u2019\u00e9tirement ET UNE GROSSE [&hellip;]\" \/>\n<meta property=\"og:url\" content=\"https:\/\/www.kanarchoad.com\/en\/produit\/inscription-stage-didgeridoo\/\" \/>\n<meta property=\"og:site_name\" content=\"KAN AR C&#039;HOAD\" \/>\n<meta property=\"article:publisher\" content=\"https:\/\/www.facebook.com\/Kan-ar-choad-199432683959952\/\" \/>\n<meta property=\"article:modified_time\" content=\"2026-03-13T13:04:41+00:00\" \/>\n<meta property=\"og:image\" content=\"https:\/\/www.kanarchoad.com\/wp-content\/uploads\/2016\/04\/accueil.jpg\" \/>\n\t<meta property=\"og:image:width\" content=\"1000\" \/>\n\t<meta property=\"og:image:height\" content=\"667\" \/>\n\t<meta property=\"og:image:type\" content=\"image\/jpeg\" \/>\n<meta name=\"twitter:card\" content=\"summary_large_image\" \/>\n<meta name=\"twitter:label1\" content=\"Est. reading time\" \/>\n\t<meta name=\"twitter:data1\" content=\"1 minute\" \/>\n<script type=\"application\/ld+json\" class=\"yoast-schema-graph\">{\"@context\":\"https:\\\/\\\/schema.org\",\"@graph\":[{\"@type\":\"WebPage\",\"@id\":\"https:\\\/\\\/www.kanarchoad.com\\\/en\\\/produit\\\/inscription-stage-didgeridoo\\\/\",\"url\":\"https:\\\/\\\/www.kanarchoad.com\\\/en\\\/produit\\\/inscription-stage-didgeridoo\\\/\",\"name\":\"Inscription Stage Didgeridoo - KAN AR C&#039;HOAD\",\"isPartOf\":{\"@id\":\"https:\\\/\\\/www.kanarchoad.com\\\/en\\\/#website\"},\"datePublished\":\"2024-08-03T16:00:47+00:00\",\"dateModified\":\"2026-03-13T13:04:41+00:00\",\"breadcrumb\":{\"@id\":\"https:\\\/\\\/www.kanarchoad.com\\\/en\\\/produit\\\/inscription-stage-didgeridoo\\\/#breadcrumb\"},\"inLanguage\":\"en-US\",\"potentialAction\":[{\"@type\":\"ReadAction\",\"target\":[\"https:\\\/\\\/www.kanarchoad.com\\\/en\\\/produit\\\/inscription-stage-didgeridoo\\\/\"]}]},{\"@type\":\"BreadcrumbList\",\"@id\":\"https:\\\/\\\/www.kanarchoad.com\\\/en\\\/produit\\\/inscription-stage-didgeridoo\\\/#breadcrumb\",\"itemListElement\":[{\"@type\":\"ListItem\",\"position\":1,\"name\":\"Accueil\",\"item\":\"https:\\\/\\\/www.kanarchoad.com\\\/en\\\/\"},{\"@type\":\"ListItem\",\"position\":2,\"name\":\"Shop\",\"item\":\"https:\\\/\\\/www.kanarchoad.com\\\/fr\\\/boutique\\\/\"},{\"@type\":\"ListItem\",\"position\":3,\"name\":\"Inscription Stage Didgeridoo\"}]},{\"@type\":\"WebSite\",\"@id\":\"https:\\\/\\\/www.kanarchoad.com\\\/en\\\/#website\",\"url\":\"https:\\\/\\\/www.kanarchoad.com\\\/en\\\/\",\"name\":\"KAN AR C&#039;HOAD\",\"description\":\"Facteur de Didgeridoo\",\"potentialAction\":[{\"@type\":\"SearchAction\",\"target\":{\"@type\":\"EntryPoint\",\"urlTemplate\":\"https:\\\/\\\/www.kanarchoad.com\\\/en\\\/?s={search_term_string}\"},\"query-input\":{\"@type\":\"PropertyValueSpecification\",\"valueRequired\":true,\"valueName\":\"search_term_string\"}}],\"inLanguage\":\"en-US\"}]}<\/script>\n<!-- \/ Yoast SEO plugin. -->","yoast_head_json":{"title":"Inscription Stage Didgeridoo - KAN AR C&#039;HOAD","robots":{"index":"index","follow":"follow","max-snippet":"max-snippet:-1","max-image-preview":"max-image-preview:large","max-video-preview":"max-video-preview:-1"},"canonical":"https:\/\/www.kanarchoad.com\/en\/produit\/inscription-stage-didgeridoo\/","og_locale":"en_US","og_type":"article","og_title":"Inscription Stage Didgeridoo - KAN AR C&#039;HOAD","og_description":"MAT\u00c9RIEL \u00c0 APPORTER votre ou vos didgeridoo, de quoi noter voir enregistrer, si vous avez : tabouret de m\u00e9ditation, brique de yoga &#8230; ce sur quoi vous etes \u00e0 l&#8217;aise pour jouer du didgeridoo assis pr\u00e9voir un tenue souple (pantalon de surv\u00eatement) pour \u00eatre \u00e0 l\u2019aise dans les exercices d\u2019\u00e9chauffement et d\u2019\u00e9tirement ET UNE GROSSE [&hellip;]","og_url":"https:\/\/www.kanarchoad.com\/en\/produit\/inscription-stage-didgeridoo\/","og_site_name":"KAN AR C&#039;HOAD","article_publisher":"https:\/\/www.facebook.com\/Kan-ar-choad-199432683959952\/","article_modified_time":"2026-03-13T13:04:41+00:00","og_image":[{"width":1000,"height":667,"url":"https:\/\/www.kanarchoad.com\/wp-content\/uploads\/2016\/04\/accueil.jpg","type":"image\/jpeg"}],"twitter_card":"summary_large_image","twitter_misc":{"Est. reading time":"1 minute"},"schema":{"@context":"https:\/\/schema.org","@graph":[{"@type":"WebPage","@id":"https:\/\/www.kanarchoad.com\/en\/produit\/inscription-stage-didgeridoo\/","url":"https:\/\/www.kanarchoad.com\/en\/produit\/inscription-stage-didgeridoo\/","name":"Inscription Stage Didgeridoo - KAN AR C&#039;HOAD","isPartOf":{"@id":"https:\/\/www.kanarchoad.com\/en\/#website"},"datePublished":"2024-08-03T16:00:47+00:00","dateModified":"2026-03-13T13:04:41+00:00","breadcrumb":{"@id":"https:\/\/www.kanarchoad.com\/en\/produit\/inscription-stage-didgeridoo\/#breadcrumb"},"inLanguage":"en-US","potentialAction":[{"@type":"ReadAction","target":["https:\/\/www.kanarchoad.com\/en\/produit\/inscription-stage-didgeridoo\/"]}]},{"@type":"BreadcrumbList","@id":"https:\/\/www.kanarchoad.com\/en\/produit\/inscription-stage-didgeridoo\/#breadcrumb","itemListElement":[{"@type":"ListItem","position":1,"name":"Accueil","item":"https:\/\/www.kanarchoad.com\/en\/"},{"@type":"ListItem","position":2,"name":"Shop","item":"https:\/\/www.kanarchoad.com\/fr\/boutique\/"},{"@type":"ListItem","position":3,"name":"Inscription Stage Didgeridoo"}]},{"@type":"WebSite","@id":"https:\/\/www.kanarchoad.com\/en\/#website","url":"https:\/\/www.kanarchoad.com\/en\/","name":"KAN AR C&#039;HOAD","description":"Facteur de Didgeridoo","potentialAction":[{"@type":"SearchAction","target":{"@type":"EntryPoint","urlTemplate":"https:\/\/www.kanarchoad.com\/en\/?s={search_term_string}"},"query-input":{"@type":"PropertyValueSpecification","valueRequired":true,"valueName":"search_term_string"}}],"inLanguage":"en-US"}]}},"_links":{"self":[{"href":"https:\/\/www.kanarchoad.com\/en\/wp-json\/wp\/v2\/product\/13375","targetHints":{"allow":["GET"]}}],"collection":[{"href":"https:\/\/www.kanarchoad.com\/en\/wp-json\/wp\/v2\/product"}],"about":[{"href":"https:\/\/www.kanarchoad.com\/en\/wp-json\/wp\/v2\/types\/product"}],"wp:attachment":[{"href":"https:\/\/www.kanarchoad.com\/en\/wp-json\/wp\/v2\/media?parent=13375"}],"wp:term":[{"taxonomy":"product_brand","embeddable":true,"href":"https:\/\/www.kanarchoad.com\/en\/wp-json\/wp\/v2\/product_brand?post=13375"},{"taxonomy":"product_cat","embeddable":true,"href":"https:\/\/www.kanarchoad.com\/en\/wp-json\/wp\/v2\/product_cat?post=13375"},{"taxonomy":"product_tag","embeddable":true,"href":"https:\/\/www.kanarchoad.com\/en\/wp-json\/wp\/v2\/product_tag?post=13375"}],"curies":[{"name":"wp","href":"https:\/\/api.w.org\/{rel}","templated":true}]}}